{"id":26171,"date":"2021-02-08T15:15:29","date_gmt":"2021-02-08T14:15:29","guid":{"rendered":"https:\/\/shcr.cz\/abteilungen\/"},"modified":"2023-01-27T12:58:17","modified_gmt":"2023-01-27T11:58:17","slug":"abteilungen","status":"publish","type":"page","link":"https:\/\/shcr.cz\/de\/abteilungen\/","title":{"rendered":"Abteilungen"},"content":{"rendered":"<p>[et_pb_section fb_built=&#8220;1&#8243; admin_label=&#8220;Hero&#8220; _builder_version=&#8220;4.16&#8243; background_color=&#8220;#d9af14&#8243; background_color_gradient_direction=&#8220;175deg&#8220; background_enable_image=&#8220;off&#8220; custom_padding=&#8220;||0px|||&#8220; global_colors_info=&#8220;{}&#8220;][et_pb_row column_structure=&#8220;2_3,1_3&#8243; _builder_version=&#8220;4.16&#8243; background_size=&#8220;initial&#8220; background_position=&#8220;top_left&#8220; background_repeat=&#8220;repeat&#8220; custom_padding=&#8220;27px|0px|27px|0px|false|false&#8220; global_colors_info=&#8220;{}&#8220;][et_pb_column type=&#8220;2_3&#8243; _builder_version=&#8220;4.16&#8243; custom_padding=&#8220;|||&#8220; global_colors_info=&#8220;{}&#8220; custom_padding__hover=&#8220;|||&#8220;][et_pb_text _builder_version=&#8220;4.16&#8243; text_font_size=&#8220;20px&#8220; text_line_height=&#8220;1.8em&#8220; header_font=&#8220;Open Sans|800|||||||&#8220; header_font_size=&#8220;60px&#8220; header_line_height=&#8220;1.3em&#8220; background_size=&#8220;initial&#8220; background_position=&#8220;top_left&#8220; background_repeat=&#8220;repeat&#8220; background_layout=&#8220;dark&#8220; max_width=&#8220;800px&#8220; custom_margin=&#8220;||13px|||&#8220; custom_margin_tablet=&#8220;|100px||&#8220; custom_margin_phone=&#8220;|30px||&#8220; custom_margin_last_edited=&#8220;off|desktop&#8220; header_font_size_tablet=&#8220;50px&#8220; header_font_size_phone=&#8220;40px&#8220; header_font_size_last_edited=&#8220;on|phone&#8220; header_line_height_tablet=&#8220;&#8220; header_line_height_phone=&#8220;&#8220; header_line_height_last_edited=&#8220;on|desktop&#8220; global_colors_info=&#8220;{}&#8220;]<\/p>\n<h1>Abteilungen<\/h1>\n<p>[\/et_pb_text][et_pb_dcsbcm_divi_breadcrumbs_module homebreadcrumbtext=&#8220;SH\u010cR&#8220; separator=&#8220;sep-mdash&#8220; _builder_version=&#8220;4.16&#8243; _module_preset=&#8220;default&#8220; fontsbreadcrumblinks_text_color=&#8220;#ffffff&#8220; global_colors_info=&#8220;{}&#8220;][\/et_pb_dcsbcm_divi_breadcrumbs_module][\/et_pb_column][et_pb_column type=&#8220;1_3&#8243; _builder_version=&#8220;4.16&#8243; custom_padding=&#8220;|||&#8220; global_colors_info=&#8220;{}&#8220; custom_padding__hover=&#8220;|||&#8220;][et_pb_image src=&#8220;https:\/\/shcr.cz\/wp-content\/uploads\/2020\/11\/shcr_logo_white.png&#8220; title_text=&#8220;shcr_logo_white&#8220; align=&#8220;center&#8220; _builder_version=&#8220;4.16&#8243; _module_preset=&#8220;default&#8220; max_width=&#8220;80%&#8220; custom_margin=&#8220;||14px|||&#8220; global_colors_info=&#8220;{}&#8220;][\/et_pb_image][\/et_pb_column][\/et_pb_row][\/et_pb_section][et_pb_section fb_built=&#8220;1&#8243; admin_label=&#8220;Hero&#8220; _builder_version=&#8220;4.16&#8243; background_enable_color=&#8220;off&#8220; background_color_gradient_direction=&#8220;170deg&#8220; background_enable_image=&#8220;off&#8220; custom_padding=&#8220;|||&#8220; global_colors_info=&#8220;{}&#8220;][et_pb_row column_structure=&#8220;1_4,1_4,1_4,1_4&#8243; use_custom_gutter=&#8220;on&#8220; gutter_width=&#8220;2&#8243; _builder_version=&#8220;4.16&#8243; global_colors_info=&#8220;{}&#8220;][et_pb_column type=&#8220;1_4&#8243; _builder_version=&#8220;4.16&#8243; custom_padding=&#8220;|||&#8220; global_colors_info=&#8220;{}&#8220; custom_padding__hover=&#8220;|||&#8220;][et_pb_text _builder_version=&#8220;4.16&#8243; text_line_height=&#8220;1.8em&#8220; link_text_color=&#8220;#ffffff&#8220; header_3_font=&#8220;Open Sans|700|||||||&#8220; header_3_line_height=&#8220;1.6em&#8220; background_color=&#8220;#A6850F&#8220; background_layout=&#8220;dark&#8220; custom_padding=&#8220;30px|30px|30px|30px|true|true&#8220; animation_style=&#8220;fold&#8220; animation_direction=&#8220;top&#8220; global_colors_info=&#8220;{}&#8220; link_text_color__hover_enabled=&#8220;on|hover&#8220; link_text_color__hover=&#8220;#000000&#8243;]<\/p>\n<h3> Blasmusik<\/h3>\n<p> vereinigt die Blasorchester mit dem Ziel, ihre T\u00e4tigkeiten zu unterst\u00fctzen und bei der Gr\u00fcndung neuer Orchester zu f\u00f6rdern.<\/p>\n<p><a href=\"\/de\/abteilungen\/die-blasmusikabteilung\/\"><em>\u2013\u2013 Mehr Informationen <\/em><\/a><\/p>\n<p>[\/et_pb_text][\/et_pb_column][et_pb_column type=&#8220;1_4&#8243; _builder_version=&#8220;4.16&#8243; custom_padding=&#8220;|||&#8220; global_colors_info=&#8220;{}&#8220; custom_padding__hover=&#8220;|||&#8220;][et_pb_text _builder_version=&#8220;4.16&#8243; text_line_height=&#8220;1.8em&#8220; link_text_color=&#8220;#ffffff&#8220; header_3_font=&#8220;Open Sans|700|||||||&#8220; header_3_line_height=&#8220;1.6em&#8220; background_color=&#8220;#d9af14&#8243; background_layout=&#8220;dark&#8220; custom_padding=&#8220;30px|30px|30px|30px|true|true&#8220; animation_style=&#8220;fold&#8220; animation_direction=&#8220;top&#8220; animation_delay=&#8220;200ms&#8220; global_colors_info=&#8220;{}&#8220; link_text_color__hover_enabled=&#8220;on|hover&#8220; link_text_color__hover=&#8220;#000000&#8243;]<\/p>\n<h3>Mainstream-Musik<br \/>\n<\/h3>\n<p> bringt die Tanz-, Swing- und Jazzorchester (Big Bands) zusammen, mit dem Vorhaben, diese Orchester zu unterst\u00fctzen.<\/p>\n<p><strong><a href=\"\/de\/abteilungen\/mainstream-musik-abteilung\/\"><em>&#8212; Mehr Informationen <\/em><\/a><\/strong><\/p>\n<p>[\/et_pb_text][\/et_pb_column][et_pb_column type=&#8220;1_4&#8243; _builder_version=&#8220;4.16&#8243; custom_padding=&#8220;|||&#8220; global_colors_info=&#8220;{}&#8220; custom_padding__hover=&#8220;|||&#8220;][et_pb_text _builder_version=&#8220;4.16&#8243; text_line_height=&#8220;1.8em&#8220; link_text_color=&#8220;#ffffff&#8220; header_3_font=&#8220;Open Sans|700|||||||&#8220; header_3_font_size=&#8220;18px&#8220; header_3_line_height=&#8220;1.6em&#8220; background_color=&#8220;#DFC257&#8243; background_layout=&#8220;dark&#8220; custom_padding=&#8220;30px|30px|30px|30px|true|true&#8220; animation_style=&#8220;fold&#8220; animation_direction=&#8220;top&#8220; animation_delay=&#8220;400ms&#8220; global_colors_info=&#8220;{}&#8220; link_text_color__hover_enabled=&#8220;on|desktop&#8220; link_text_color__hover=&#8220;#000000&#8243;]<\/p>\n<h3>Tanz und Bewegung<\/h3>\n<p>vermittelt Auff\u00fchrungen und zugleich bietet professionelle Managementunterst\u00fctzung mit angemessenem Service an. <\/p>\n<p><a title=\"Sekce tane\u010dn\u00ed a pohybov\u00e1\" href=\"\/de\/abteilungen\/die-tanz-und-bewegungsabteilung\/\"><strong><em>&#8212; Mehr Informationen <\/em><\/strong><\/a><\/p>\n<p>[\/et_pb_text][\/et_pb_column][et_pb_column type=&#8220;1_4&#8243; _builder_version=&#8220;4.16&#8243; custom_padding=&#8220;|||&#8220; global_colors_info=&#8220;{}&#8220; custom_padding__hover=&#8220;|||&#8220;][et_pb_text _builder_version=&#8220;4.16&#8243; text_line_height=&#8220;1.8em&#8220; link_text_color=&#8220;#ffffff&#8220; header_3_font=&#8220;Open Sans|700|||||||&#8220; header_3_font_size=&#8220;18px&#8220; header_3_line_height=&#8220;1.6em&#8220; background_color=&#8220;#d9af14&#8243; background_layout=&#8220;dark&#8220; custom_padding=&#8220;30px|30px|30px|30px|true|true&#8220; animation_style=&#8220;fold&#8220; animation_direction=&#8220;top&#8220; animation_delay=&#8220;400ms&#8220; global_colors_info=&#8220;{}&#8220; link_text_color__hover_enabled=&#8220;on|hover&#8220; link_text_color__hover=&#8220;#000000&#8243;]<\/p>\n<h3> Beratung und Unterst\u00fctzung <\/h3>\n<p> befasst sich mit der Organisation musikalischer Aktivit\u00e4ten in \u00dcbereinstimmung mit der geltenden Gesetztgebung und bietet professionelle fachliche Beratung an.<\/p>\n<p><a href=\"\/de\/abteilungen\/die-abteilung-der-beratung-und-unterstuetzung\/\"><strong><em>&#8212; Mehr Informationen <\/em><\/strong><\/a><\/p>\n<p>[\/et_pb_text][\/et_pb_column][\/et_pb_row][\/et_pb_section]<\/p>\n","protected":false},"excerpt":{"rendered":"<p>Abteilungen Blasmusik vereinigt die Blasorchester mit dem Ziel, ihre T\u00e4tigkeiten zu unterst\u00fctzen und bei der Gr\u00fcndung neuer Orchester zu f\u00f6rdern. \u2013\u2013 Mehr Informationen Mainstream-Musik bringt die Tanz-, Swing- und Jazzorchester (Big Bands) zusammen, mit dem Vorhaben, diese Orchester zu unterst\u00fctzen. &#8212; Mehr Informationen Tanz und Bewegung vermittelt Auff\u00fchrungen und zugleich bietet professionelle Managementunterst\u00fctzung mit angemessenem [&hellip;]<\/p>\n","protected":false},"author":1,"featured_media":0,"parent":0,"menu_order":0,"comment_status":"closed","ping_status":"closed","template":"","meta":{"_seopress_robots_primary_cat":"","_seopress_titles_title":"","_seopress_titles_desc":"","_seopress_robots_index":"","_et_pb_use_builder":"on","_et_pb_old_content":"","_et_gb_content_width":"","footnotes":""},"class_list":["post-26171","page","type-page","status-publish","hentry"],"_links":{"self":[{"href":"https:\/\/shcr.cz\/de\/wp-json\/wp\/v2\/pages\/26171","targetHints":{"allow":["GET"]}}],"collection":[{"href":"https:\/\/shcr.cz\/de\/wp-json\/wp\/v2\/pages"}],"about":[{"href":"https:\/\/shcr.cz\/de\/wp-json\/wp\/v2\/types\/page"}],"author":[{"embeddable":true,"href":"https:\/\/shcr.cz\/de\/wp-json\/wp\/v2\/users\/1"}],"replies":[{"embeddable":true,"href":"https:\/\/shcr.cz\/de\/wp-json\/wp\/v2\/comments?post=26171"}],"version-history":[{"count":0,"href":"https:\/\/shcr.cz\/de\/wp-json\/wp\/v2\/pages\/26171\/revisions"}],"wp:attachment":[{"href":"https:\/\/shcr.cz\/de\/wp-json\/wp\/v2\/media?parent=26171"}],"curies":[{"name":"wp","href":"https:\/\/api.w.org\/{rel}","templated":true}]}}