{"id":26183,"date":"2021-02-08T15:41:21","date_gmt":"2021-02-08T14:41:21","guid":{"rendered":"https:\/\/shcr.cz\/abteilungen\/die-blasmusikabteilung\/abteilungsleitung\/"},"modified":"2024-02-21T14:25:47","modified_gmt":"2024-02-21T13:25:47","slug":"abteilungsleitung","status":"publish","type":"page","link":"https:\/\/shcr.cz\/de\/abteilungen\/die-blasmusikabteilung\/abteilungsleitung\/","title":{"rendered":"Abteilungsleitung"},"content":{"rendered":"<p>[et_pb_section fb_built=&#8220;1&#8243; admin_label=&#8220;Hero&#8220; _builder_version=&#8220;4.16&#8243; background_enable_color=&#8220;off&#8220; use_background_color_gradient=&#8220;on&#8220; background_color_gradient_direction=&#8220;175deg&#8220; background_color_gradient_stops=&#8220;rgba(147,147,146,0.76) 1%|rgba(217,175,20,0.3) 100%&#8220; background_color_gradient_overlays_image=&#8220;on&#8220; background_color_gradient_start=&#8220;rgba(147,147,146,0.76)&#8220; background_color_gradient_start_position=&#8220;1%&#8220; background_color_gradient_end=&#8220;rgba(217,175,20,0.3)&#8220; background_image=&#8220;https:\/\/shcr.cz\/wp-content\/uploads\/2021\/03\/dechova_sekce.jpg&#8220; custom_padding=&#8220;|||&#8220; global_colors_info=&#8220;{}&#8220;][et_pb_row _builder_version=&#8220;4.16&#8243; background_size=&#8220;initial&#8220; background_position=&#8220;top_left&#8220; background_repeat=&#8220;repeat&#8220; custom_padding=&#8220;27px|0px|27px|0px|false|false&#8220; global_colors_info=&#8220;{}&#8220;][et_pb_column type=&#8220;4_4&#8243; _builder_version=&#8220;4.16&#8243; custom_padding=&#8220;|||&#8220; global_colors_info=&#8220;{}&#8220; custom_padding__hover=&#8220;|||&#8220;][et_pb_text _builder_version=&#8220;4.16&#8243; text_font_size=&#8220;20px&#8220; text_line_height=&#8220;1.8em&#8220; header_font=&#8220;Open Sans|800|||||||&#8220; header_font_size=&#8220;60px&#8220; header_line_height=&#8220;1.3em&#8220; background_size=&#8220;initial&#8220; background_position=&#8220;top_left&#8220; background_repeat=&#8220;repeat&#8220; background_layout=&#8220;dark&#8220; max_width=&#8220;800px&#8220; custom_margin=&#8220;||13px|||&#8220; custom_margin_tablet=&#8220;|100px||&#8220; custom_margin_phone=&#8220;|30px||&#8220; custom_margin_last_edited=&#8220;off|desktop&#8220; header_font_size_tablet=&#8220;50px&#8220; header_font_size_phone=&#8220;40px&#8220; header_font_size_last_edited=&#8220;on|phone&#8220; header_line_height_tablet=&#8220;&#8220; header_line_height_phone=&#8220;&#8220; header_line_height_last_edited=&#8220;on|desktop&#8220; global_colors_info=&#8220;{}&#8220;]<\/p>\n<h1>Die Blasmusikabteilung \u2013 Abteilungsleitung<br \/>\n<\/h1>\n<p>Vereinigt die Blasorchester mit dem Ziel, ihre T\u00e4tigkeiten zu unterst\u00fctzen und bei der Gr\u00fcndung neuer Orchester und bei der Weiterbildung der Orchesterleiter und Dirigenten zu f\u00f6rdern.[\/et_pb_text][et_pb_dcsbcm_divi_breadcrumbs_module homebreadcrumbtext=&#8220;SH\u010cR&#8220; separator=&#8220;sep-mdash&#8220; _builder_version=&#8220;4.16&#8243; _module_preset=&#8220;default&#8220; body_text_color=&#8220;#FFFFFF&#8220; global_colors_info=&#8220;{}&#8220;][\/et_pb_dcsbcm_divi_breadcrumbs_module][\/et_pb_column][\/et_pb_row][\/et_pb_section][et_pb_section fb_built=&#8220;1&#8243; _builder_version=&#8220;4.16&#8243; _module_preset=&#8220;default&#8220; custom_padding=&#8220;2px||2px|||&#8220; global_colors_info=&#8220;{}&#8220;][et_pb_row column_structure=&#8220;1_3,2_3&#8243; _builder_version=&#8220;4.16&#8243; _module_preset=&#8220;default&#8220; global_colors_info=&#8220;{}&#8220;][et_pb_column type=&#8220;1_3&#8243; _builder_version=&#8220;4.16&#8243; _module_preset=&#8220;default&#8220; global_colors_info=&#8220;{}&#8220;][et_pb_image src=&#8220;https:\/\/shcr.cz\/wp-content\/uploads\/2020\/10\/logo_shcr-1024&#215;734.jpg&#8220; title_text=&#8220;logo_shcr&#8220; align=&#8220;center&#8220; _builder_version=&#8220;4.16&#8243; _module_preset=&#8220;default&#8220; max_width=&#8220;80%&#8220; custom_margin=&#8220;||14px|||&#8220; global_colors_info=&#8220;{}&#8220;][\/et_pb_image][et_pb_divider divider_weight=&#8220;2px&#8220; _builder_version=&#8220;4.16&#8243; _module_preset=&#8220;default&#8220; max_width=&#8220;80%&#8220; module_alignment=&#8220;center&#8220; custom_margin=&#8220;||0px|||&#8220; global_colors_info=&#8220;{}&#8220;][\/et_pb_divider][et_pb_sidebar area=&#8220;et_pb_widget_area_2&#8243; show_border=&#8220;off&#8220; _builder_version=&#8220;4.16&#8243; _module_preset=&#8220;default&#8220; header_font=&#8220;|700|||||||&#8220; header_font_size=&#8220;24px&#8220; background_color=&#8220;#d9af14&#8243; text_orientation=&#8220;right&#8220; background_layout=&#8220;dark&#8220; custom_margin=&#8220;||0px||false|false&#8220; custom_padding=&#8220;16px|12px|0px|12px|false|true&#8220; border_width_top=&#8220;2px&#8220; border_color_top=&#8220;#d9af14&#8243; global_colors_info=&#8220;{}&#8220; body_text_color__hover_enabled=&#8220;on|desktop&#8220;][\/et_pb_sidebar][\/et_pb_column][et_pb_column type=&#8220;2_3&#8243; _builder_version=&#8220;4.16&#8243; _module_preset=&#8220;default&#8220; global_colors_info=&#8220;{}&#8220;][et_pb_text _builder_version=&#8220;4.16&#8243; header_2_font=&#8220;||||||||&#8220; header_4_font=&#8220;Montserrat|700||on|||||&#8220; header_4_text_color=&#8220;#a2aab2&#8243; header_4_font_size=&#8220;15px&#8220; header_4_letter_spacing=&#8220;2px&#8220; header_4_line_height=&#8220;1.6em&#8220; max_width_tablet=&#8220;700px&#8220; max_width_phone=&#8220;700px&#8220; max_width_last_edited=&#8220;off|desktop&#8220; custom_margin_tablet=&#8220;|0px||&#8220; custom_margin_phone=&#8220;|0px||&#8220; custom_margin_last_edited=&#8220;off|desktop&#8220; header_2_font_size_last_edited=&#8220;off|desktop&#8220; locked=&#8220;off&#8220; global_colors_info=&#8220;{}&#8220;]<\/p>\n<h4>DIE BLASMUSIKABTEILUNG<br \/>\n<\/h4>\n<p>[\/et_pb_text][et_pb_text _builder_version=&#8220;4.16&#8243; header_2_font=&#8220;Montserrat|800|||||||&#8220; max_width=&#8220;540px&#8220; max_width_tablet=&#8220;700px&#8220; max_width_phone=&#8220;700px&#8220; max_width_last_edited=&#8220;off|desktop&#8220; custom_margin=&#8220;||-2px|||&#8220; custom_margin_tablet=&#8220;|0px||&#8220; custom_margin_phone=&#8220;|0px||&#8220; custom_margin_last_edited=&#8220;off|desktop&#8220; border_width_top=&#8220;2px&#8220; locked=&#8220;off&#8220; global_colors_info=&#8220;{}&#8220;]<\/p>\n<h2>Die Leitung der Blasmusikabteilung<br \/>\n<\/h2>\n<p>[\/et_pb_text][et_pb_text _builder_version=&#8220;4.24.2&#8243; _module_preset=&#8220;default&#8220; hover_enabled=&#8220;0&#8243; global_colors_info=&#8220;{}&#8220; sticky_enabled=&#8220;0&#8243;]<\/p>\n<table class=\"responsive\" style=\"height: 264px;\">\n<tbody>\n<tr style=\"height: 24px;\">\n<th style=\"height: 24px; width: 126.25px;\">Name<\/th>\n<th style=\"height: 24px; width: 143.203px;\">Position<\/th>\n<\/tr>\n<tr style=\"height: 24px;\">\n<td style=\"height: 24px; width: 126.25px;\">Bc. Jaroslav Bayer<\/td>\n<td style=\"height: 24px; width: 143.203px;\">Abteilungspr\u00e4sident<\/td>\n<\/tr>\n<tr>\n<td style=\"width: 126.25px;\"><span>Jaroslav \u0160\u00edp<\/span><\/td>\n<td style=\"width: 143.203px;\"><span>Vicepresident<\/span><\/td>\n<\/tr>\n<tr style=\"height: 24px;\">\n<td style=\"height: 24px; width: 126.25px;\"><span>Pavel B\u011bl\u00edk<\/span><\/td>\n<td style=\"height: 24px; width: 143.203px;\">Sekret\u00e4r<\/td>\n<\/tr>\n<tr style=\"height: 24px;\">\n<td style=\"height: 24px; width: 126.25px;\"><span>V\u00e1clav Blahunek<\/span><\/td>\n<td style=\"height: 24px; width: 143.203px;\">Mitglied<\/td>\n<\/tr>\n<tr style=\"height: 24px;\">\n<td style=\"height: 24px; width: 126.25px;\"><span>V\u00e1clav Hlav\u00e1\u010dek<\/span><\/td>\n<td style=\"height: 24px; width: 143.203px;\">Mitglied<\/td>\n<\/tr>\n<tr style=\"height: 24px;\">\n<td style=\"height: 24px; width: 126.25px;\"><span>Jan Kr\u00e1l<\/span><\/td>\n<td style=\"height: 24px; width: 143.203px;\">Mitglied<\/td>\n<\/tr>\n<tr style=\"height: 24px;\">\n<td style=\"height: 24px; width: 126.25px;\"><span>Jan Poho\u0159al\u00fd<\/span><\/td>\n<td style=\"height: 24px; width: 143.203px;\">Mitglied<\/td>\n<\/tr>\n<tr style=\"height: 24px;\">\n<td style=\"height: 24px; width: 126.25px;\"><span>Franti\u0161ek Pavlu\u0161<\/span><\/td>\n<td style=\"height: 24px; width: 143.203px;\">Mitglied<\/td>\n<\/tr>\n<tr style=\"height: 24px;\">\n<td style=\"height: 24px; width: 126.25px;\"><span>Svetoslav To\u010dev <\/span><\/td>\n<td style=\"height: 24px; width: 143.203px;\">Mitglied<\/td>\n<\/tr>\n<tr>\n<td style=\"width: 126.25px;\"><span>Franti\u0161ek Tkadlec<\/span><span><br \/><\/span><\/td>\n<td style=\"width: 143.203px;\">Mitglied<\/td>\n<\/tr>\n<\/tbody>\n<\/table>\n<p>[\/et_pb_text][\/et_pb_column][\/et_pb_row][\/et_pb_section]<\/p>\n","protected":false},"excerpt":{"rendered":"<p>Die Blasmusikabteilung \u2013 Abteilungsleitung Vereinigt die Blasorchester mit dem Ziel, ihre T\u00e4tigkeiten zu unterst\u00fctzen und bei der Gr\u00fcndung neuer Orchester und bei der Weiterbildung der Orchesterleiter und Dirigenten zu f\u00f6rdern.DIE BLASMUSIKABTEILUNG Die Leitung der Blasmusikabteilung Name Position Bc. Jaroslav Bayer Abteilungspr\u00e4sident Jaroslav \u0160\u00edp Vicepresident Pavel B\u011bl\u00edk Sekret\u00e4r V\u00e1clav Blahunek Mitglied V\u00e1clav Hlav\u00e1\u010dek Mitglied Jan Kr\u00e1l [&hellip;]<\/p>\n","protected":false},"author":1,"featured_media":0,"parent":26179,"menu_order":0,"comment_status":"closed","ping_status":"closed","template":"","meta":{"_seopress_robots_primary_cat":"","_seopress_titles_title":"","_seopress_titles_desc":"","_seopress_robots_index":"","_seopress_analysis_target_kw":"","_et_pb_use_builder":"on","_et_pb_old_content":"","_et_gb_content_width":"","footnotes":""},"class_list":["post-26183","page","type-page","status-publish","hentry"],"_links":{"self":[{"href":"https:\/\/shcr.cz\/de\/wp-json\/wp\/v2\/pages\/26183","targetHints":{"allow":["GET"]}}],"collection":[{"href":"https:\/\/shcr.cz\/de\/wp-json\/wp\/v2\/pages"}],"about":[{"href":"https:\/\/shcr.cz\/de\/wp-json\/wp\/v2\/types\/page"}],"author":[{"embeddable":true,"href":"https:\/\/shcr.cz\/de\/wp-json\/wp\/v2\/users\/1"}],"replies":[{"embeddable":true,"href":"https:\/\/shcr.cz\/de\/wp-json\/wp\/v2\/comments?post=26183"}],"version-history":[{"count":0,"href":"https:\/\/shcr.cz\/de\/wp-json\/wp\/v2\/pages\/26183\/revisions"}],"up":[{"embeddable":true,"href":"https:\/\/shcr.cz\/de\/wp-json\/wp\/v2\/pages\/26179"}],"wp:attachment":[{"href":"https:\/\/shcr.cz\/de\/wp-json\/wp\/v2\/media?parent=26183"}],"curies":[{"name":"wp","href":"https:\/\/api.w.org\/{rel}","templated":true}]}}