{"id":26212,"date":"2021-02-08T16:17:16","date_gmt":"2021-02-08T15:17:16","guid":{"rendered":"https:\/\/shcr.cz\/abteilungen\/die-tanz-und-bewegungsabteilung\/die-tanz-und-bewegungsabteilung-leitung\/"},"modified":"2023-05-30T23:13:40","modified_gmt":"2023-05-30T21:13:40","slug":"die-tanz-und-bewegungsabteilung-leitung","status":"publish","type":"page","link":"https:\/\/shcr.cz\/de\/abteilungen\/die-tanz-und-bewegungsabteilung\/die-tanz-und-bewegungsabteilung-leitung\/","title":{"rendered":"Die Tanz-und Bewegungsabteilung \u2013 Leitung"},"content":{"rendered":"<p>[et_pb_section fb_built=&#8220;1&#8243; admin_label=&#8220;Hero&#8220; _builder_version=&#8220;4.16&#8243; background_enable_color=&#8220;off&#8220; use_background_color_gradient=&#8220;on&#8220; background_color_gradient_direction=&#8220;175deg&#8220; background_color_gradient_stops=&#8220;rgba(147,147,146,0.85) 1%|rgba(217,175,20,0.3) 100%&#8220; background_color_gradient_overlays_image=&#8220;on&#8220; background_color_gradient_start=&#8220;rgba(147,147,146,0.85)&#8220; background_color_gradient_start_position=&#8220;1%&#8220; background_color_gradient_end=&#8220;rgba(217,175,20,0.3)&#8220; background_image=&#8220;https:\/\/shcr.cz\/wp-content\/uploads\/2021\/03\/tanecni_header.jpg&#8220; background_position=&#8220;top_center&#8220; custom_padding=&#8220;|||&#8220; global_colors_info=&#8220;{}&#8220;][et_pb_row _builder_version=&#8220;4.16&#8243; background_size=&#8220;initial&#8220; background_position=&#8220;top_left&#8220; background_repeat=&#8220;repeat&#8220; custom_padding=&#8220;27px|0px|27px|0px|false|false&#8220; global_colors_info=&#8220;{}&#8220;][et_pb_column type=&#8220;4_4&#8243; _builder_version=&#8220;4.16&#8243; custom_padding=&#8220;|||&#8220; global_colors_info=&#8220;{}&#8220; custom_padding__hover=&#8220;|||&#8220;][et_pb_text _builder_version=&#8220;4.16&#8243; text_font_size=&#8220;20px&#8220; text_line_height=&#8220;1.8em&#8220; header_font=&#8220;Open Sans|800|||||||&#8220; header_font_size=&#8220;60px&#8220; header_line_height=&#8220;1.3em&#8220; background_size=&#8220;initial&#8220; background_position=&#8220;top_left&#8220; background_repeat=&#8220;repeat&#8220; background_layout=&#8220;dark&#8220; custom_margin=&#8220;||13px|||&#8220; custom_margin_tablet=&#8220;|100px||&#8220; custom_margin_phone=&#8220;|30px||&#8220; custom_margin_last_edited=&#8220;off|desktop&#8220; header_font_size_tablet=&#8220;50px&#8220; header_font_size_phone=&#8220;40px&#8220; header_font_size_last_edited=&#8220;on|phone&#8220; header_line_height_tablet=&#8220;&#8220; header_line_height_phone=&#8220;&#8220; header_line_height_last_edited=&#8220;on|desktop&#8220; global_colors_info=&#8220;{}&#8220;]<\/p>\n<h1>Die Tanz-und Bewegungsabteilung \u2013 Leitung<br \/>\n<\/h1>\n<p><span> vereinigt die Blasorchester mit dem Ziel, ihre T\u00e4tigkeiten zu unterst\u00fctzen und bei der Gr\u00fcndung neuer Orchester und bei der Weiterbildung der Orchesterleiter und Dirigenten zu f\u00f6rdern. <\/span><\/p>\n<p>[\/et_pb_text][et_pb_dcsbcm_divi_breadcrumbs_module homebreadcrumbtext=&#8220;SH\u010cR&#8220; separator=&#8220;sep-mdash&#8220; _builder_version=&#8220;4.16&#8243; _module_preset=&#8220;default&#8220; global_colors_info=&#8220;{}&#8220;][\/et_pb_dcsbcm_divi_breadcrumbs_module][\/et_pb_column][\/et_pb_row][\/et_pb_section][et_pb_section fb_built=&#8220;1&#8243; _builder_version=&#8220;4.16&#8243; _module_preset=&#8220;default&#8220; custom_padding=&#8220;2px||2px|||&#8220; global_colors_info=&#8220;{}&#8220;][et_pb_row column_structure=&#8220;1_3,2_3&#8243; _builder_version=&#8220;4.16&#8243; _module_preset=&#8220;default&#8220; global_colors_info=&#8220;{}&#8220;][et_pb_column type=&#8220;1_3&#8243; _builder_version=&#8220;4.16&#8243; _module_preset=&#8220;default&#8220; global_colors_info=&#8220;{}&#8220;][et_pb_image src=&#8220;https:\/\/shcr.cz\/wp-content\/uploads\/2020\/10\/logo_shcr-1024&#215;734.jpg&#8220; title_text=&#8220;logo_shcr&#8220; align=&#8220;center&#8220; _builder_version=&#8220;4.16&#8243; _module_preset=&#8220;default&#8220; max_width=&#8220;80%&#8220; custom_margin=&#8220;||14px|||&#8220; global_colors_info=&#8220;{}&#8220;][\/et_pb_image][et_pb_divider divider_weight=&#8220;2px&#8220; _builder_version=&#8220;4.16&#8243; _module_preset=&#8220;default&#8220; max_width=&#8220;80%&#8220; module_alignment=&#8220;center&#8220; custom_margin=&#8220;||0px|||&#8220; global_colors_info=&#8220;{}&#8220;][\/et_pb_divider][et_pb_sidebar area=&#8220;et_pb_widget_area_5&#8243; show_border=&#8220;off&#8220; _builder_version=&#8220;4.16&#8243; _module_preset=&#8220;default&#8220; header_font=&#8220;|700|||||||&#8220; header_font_size=&#8220;24px&#8220; background_color=&#8220;#d9af14&#8243; text_orientation=&#8220;right&#8220; background_layout=&#8220;dark&#8220; custom_margin=&#8220;||0px||false|false&#8220; custom_padding=&#8220;16px|12px|0px|12px|false|true&#8220; border_width_top=&#8220;2px&#8220; border_color_top=&#8220;#d9af14&#8243; global_colors_info=&#8220;{}&#8220; body_text_color__hover_enabled=&#8220;on|desktop&#8220;][\/et_pb_sidebar][\/et_pb_column][et_pb_column type=&#8220;2_3&#8243; _builder_version=&#8220;4.16&#8243; _module_preset=&#8220;default&#8220; global_colors_info=&#8220;{}&#8220;][et_pb_text _builder_version=&#8220;4.16&#8243; header_2_font=&#8220;||||||||&#8220; header_4_font=&#8220;Montserrat|700||on|||||&#8220; header_4_text_color=&#8220;#a2aab2&#8243; header_4_font_size=&#8220;15px&#8220; header_4_letter_spacing=&#8220;2px&#8220; header_4_line_height=&#8220;1.6em&#8220; max_width_tablet=&#8220;700px&#8220; max_width_phone=&#8220;700px&#8220; max_width_last_edited=&#8220;off|desktop&#8220; custom_margin_tablet=&#8220;|0px||&#8220; custom_margin_phone=&#8220;|0px||&#8220; custom_margin_last_edited=&#8220;off|desktop&#8220; header_2_font_size_last_edited=&#8220;off|desktop&#8220; locked=&#8220;off&#8220; global_colors_info=&#8220;{}&#8220;]<\/p>\n<h4>BUND DER MUSIKER DER TSCHECHISCHEN REPUBLIK<br \/>\n<\/h4>\n<p>[\/et_pb_text][et_pb_text _builder_version=&#8220;4.16&#8243; header_2_font=&#8220;Montserrat|800|||||||&#8220; max_width=&#8220;540px&#8220; max_width_tablet=&#8220;700px&#8220; max_width_phone=&#8220;700px&#8220; max_width_last_edited=&#8220;off|desktop&#8220; custom_margin=&#8220;||-2px|||&#8220; custom_margin_tablet=&#8220;|0px||&#8220; custom_margin_phone=&#8220;|0px||&#8220; custom_margin_last_edited=&#8220;off|desktop&#8220; border_width_top=&#8220;2px&#8220; locked=&#8220;off&#8220; global_colors_info=&#8220;{}&#8220;]<\/p>\n<h2>Leitung der Tanz-und Bewegungsabteilung<br \/>\n<\/h2>\n<p>[\/et_pb_text][et_pb_text _builder_version=&#8220;4.21.0&#8243; _module_preset=&#8220;default&#8220; link_text_color=&#8220;#5B5B55&#8243; hover_enabled=&#8220;0&#8243; global_colors_info=&#8220;{}&#8220; link_text_color__hover_enabled=&#8220;on|hover&#8220; link_text_color__hover=&#8220;#D9AF14&#8243; sticky_enabled=&#8220;0&#8243;]<\/p>\n<table class=\"responsive\">\n<tbody>\n<tr style=\"height: 24px;\">\n<th style=\"height: 24px; width: 116.805px;\">Name<\/th>\n<th style=\"height: 24px; width: 143.195px;\">Position<\/th>\n<\/tr>\n<tr style=\"height: 24px;\">\n<td style=\"height: 24px; width: 116.805px;\"><a href=\"http:\/\/www.tomasmikulsky.com\/\" target=\"_blank\" rel=\"noopener noreferrer\" title=\"Web Tom\u00e1\u0161 Mikulsk\u00fd\"><span style=\"font-weight: 400;\"><span>Tom\u00e1\u0161 Mikulsk\u00fd<\/span><\/span><\/a><\/td>\n<td style=\"height: 24px; width: 143.195px;\">Abteilungspr\u00e4sident<\/td>\n<\/tr>\n<tr style=\"height: 24px;\">\n<td style=\"height: 24px; width: 116.805px;\"><span>Ing. Daniel Netu\u0161il\u00a0<\/span><\/td>\n<td style=\"width: 143.195px;\"><span>1. Vizepr\u00e4sident<\/span><\/td>\n<\/tr>\n<tr>\n<td style=\"width: 116.805px;\"><span>MgA. Petr \u010c\u00ed\u017eek<\/span><span><br \/>\n<\/span><\/td>\n<td style=\"width: 143.195px;\"><span>2. Vizepr\u00e4sident<\/span><\/td>\n<\/tr>\n<tr style=\"height: 24px;\">\n<td style=\"height: 24px; width: 116.805px;\"><span>Miroslav Zejda<\/span><\/td>\n<td style=\"width: 143.195px;\">Sekret\u00e4rin<\/td>\n<\/tr>\n<tr style=\"height: 24px;\">\n<td style=\"height: 24px; width: 116.805px;\"><span>Martin Hejhal\u00a0<\/span><\/td>\n<td style=\"width: 143.195px;\">Mitglied<\/td>\n<\/tr>\n<\/tbody>\n<\/table>\n<p>[\/et_pb_text][\/et_pb_column][\/et_pb_row][\/et_pb_section]<\/p>\n","protected":false},"excerpt":{"rendered":"<p>Die Tanz-und Bewegungsabteilung \u2013 Leitung vereinigt die Blasorchester mit dem Ziel, ihre T\u00e4tigkeiten zu unterst\u00fctzen und bei der Gr\u00fcndung neuer Orchester und bei der Weiterbildung der Orchesterleiter und Dirigenten zu f\u00f6rdern. BUND DER MUSIKER DER TSCHECHISCHEN REPUBLIK Leitung der Tanz-und Bewegungsabteilung Name Position Tom\u00e1\u0161 Mikulsk\u00fd Abteilungspr\u00e4sident Ing. Daniel Netu\u0161il\u00a0 1. Vizepr\u00e4sident MgA. Petr \u010c\u00ed\u017eek 2. [&hellip;]<\/p>\n","protected":false},"author":1,"featured_media":0,"parent":26205,"menu_order":0,"comment_status":"closed","ping_status":"closed","template":"","meta":{"_seopress_robots_primary_cat":"","_seopress_titles_title":"","_seopress_titles_desc":"","_seopress_robots_index":"","_et_pb_use_builder":"on","_et_pb_old_content":"","_et_gb_content_width":"","footnotes":""},"class_list":["post-26212","page","type-page","status-publish","hentry"],"_links":{"self":[{"href":"https:\/\/shcr.cz\/de\/wp-json\/wp\/v2\/pages\/26212","targetHints":{"allow":["GET"]}}],"collection":[{"href":"https:\/\/shcr.cz\/de\/wp-json\/wp\/v2\/pages"}],"about":[{"href":"https:\/\/shcr.cz\/de\/wp-json\/wp\/v2\/types\/page"}],"author":[{"embeddable":true,"href":"https:\/\/shcr.cz\/de\/wp-json\/wp\/v2\/users\/1"}],"replies":[{"embeddable":true,"href":"https:\/\/shcr.cz\/de\/wp-json\/wp\/v2\/comments?post=26212"}],"version-history":[{"count":0,"href":"https:\/\/shcr.cz\/de\/wp-json\/wp\/v2\/pages\/26212\/revisions"}],"up":[{"embeddable":true,"href":"https:\/\/shcr.cz\/de\/wp-json\/wp\/v2\/pages\/26205"}],"wp:attachment":[{"href":"https:\/\/shcr.cz\/de\/wp-json\/wp\/v2\/media?parent=26212"}],"curies":[{"name":"wp","href":"https:\/\/api.w.org\/{rel}","templated":true}]}}