{"id":26218,"date":"2021-02-08T16:25:12","date_gmt":"2021-02-08T15:25:12","guid":{"rendered":"https:\/\/shcr.cz\/abteilungen\/die-abteilung-der-beratung-und-unterstuetzung\/"},"modified":"2021-02-08T16:25:15","modified_gmt":"2021-02-08T15:25:15","slug":"die-abteilung-der-beratung-und-unterstuetzung","status":"publish","type":"page","link":"https:\/\/shcr.cz\/de\/abteilungen\/die-abteilung-der-beratung-und-unterstuetzung\/","title":{"rendered":"Die Abteilung der Beratung und Unterst\u00fctzung"},"content":{"rendered":"<p>[et_pb_section fb_built=&#8220;1&#8243; admin_label=&#8220;Hero&#8220; _builder_version=&#8220;4.7.0&#8243; background_enable_color=&#8220;off&#8220; use_background_color_gradient=&#8220;on&#8220; background_color_gradient_start=&#8220;rgba(147,147,146,0.33)&#8220; background_color_gradient_end=&#8220;rgba(217,175,20,0.3)&#8220; background_color_gradient_direction=&#8220;175deg&#8220; background_color_gradient_start_position=&#8220;1%&#8220; background_color_gradient_overlays_image=&#8220;on&#8220; background_image=&#8220;https:\/\/shcr.cz\/wp-content\/uploads\/2020\/11\/organizacni_sekce_header.jpg&#8220; custom_padding=&#8220;|||&#8220;][et_pb_row _builder_version=&#8220;3.25&#8243; background_size=&#8220;initial&#8220; background_position=&#8220;top_left&#8220; background_repeat=&#8220;repeat&#8220; custom_padding=&#8220;27px|0px|27px|0px|false|false&#8220;][et_pb_column type=&#8220;4_4&#8243; _builder_version=&#8220;3.25&#8243; custom_padding=&#8220;|||&#8220; custom_padding__hover=&#8220;|||&#8220;][et_pb_text _builder_version=&#8220;4.8.2&#8243; text_font_size=&#8220;20px&#8220; text_line_height=&#8220;1.8em&#8220; header_font=&#8220;Open Sans|800|||||||&#8220; header_font_size=&#8220;60px&#8220; header_line_height=&#8220;1.3em&#8220; background_size=&#8220;initial&#8220; background_position=&#8220;top_left&#8220; background_repeat=&#8220;repeat&#8220; background_layout=&#8220;dark&#8220; max_width=&#8220;900px&#8220; custom_margin=&#8220;||13px|||&#8220; custom_margin_tablet=&#8220;|100px||&#8220; custom_margin_phone=&#8220;|30px||&#8220; custom_margin_last_edited=&#8220;off|desktop&#8220; hover_enabled=&#8220;0&#8243; header_font_size_tablet=&#8220;50px&#8220; header_font_size_phone=&#8220;40px&#8220; header_font_size_last_edited=&#8220;on|phone&#8220; header_line_height_tablet=&#8220;&#8220; header_line_height_phone=&#8220;&#8220; header_line_height_last_edited=&#8220;on|desktop&#8220; sticky_enabled=&#8220;0&#8243;]<\/p>\n<h1>Die Abteilung der Beratung und Unterst\u00fctzung<br \/>\n<\/h1>\n<p><span> Der Bund bringt die Tanz-, Swing- und Jazzorchester (Big Bands) zusammen, mit dem Vorhaben, diese Orchester, derer T\u00e4tigkeit und Pr\u00e4sentation zu unterst\u00fctzen.  <\/span><\/p>\n<p>[\/et_pb_text][et_pb_dcsbcm_divi_breadcrumbs_module homebreadcrumbtext=&#8220;SH\u010cR&#8220; separator=&#8220;sep-mdash&#8220; _builder_version=&#8220;4.8.1&#8243; _module_preset=&#8220;default&#8220;][\/et_pb_dcsbcm_divi_breadcrumbs_module][\/et_pb_column][\/et_pb_row][\/et_pb_section][et_pb_section fb_built=&#8220;1&#8243; _builder_version=&#8220;4.6.6&#8243; _module_preset=&#8220;default&#8220; custom_padding=&#8220;2px||2px|||&#8220;][et_pb_row column_structure=&#8220;1_3,2_3&#8243; _builder_version=&#8220;4.6.6&#8243; _module_preset=&#8220;default&#8220;][et_pb_column type=&#8220;1_3&#8243; _builder_version=&#8220;4.6.6&#8243; _module_preset=&#8220;default&#8220;][et_pb_image src=&#8220;https:\/\/shcr.cz\/wp-content\/uploads\/2020\/10\/logo_shcr-1024&#215;734.jpg&#8220; title_text=&#8220;logo_shcr&#8220; align=&#8220;center&#8220; _builder_version=&#8220;4.6.6&#8243; _module_preset=&#8220;default&#8220; max_width=&#8220;80%&#8220; custom_margin=&#8220;||14px|||&#8220;][\/et_pb_image][et_pb_divider divider_weight=&#8220;2px&#8220; _builder_version=&#8220;4.6.6&#8243; _module_preset=&#8220;default&#8220; max_width=&#8220;80%&#8220; module_alignment=&#8220;center&#8220; custom_margin=&#8220;||0px|||&#8220;][\/et_pb_divider][et_pb_sidebar area=&#8220;et_pb_widget_area_6&#8243; show_border=&#8220;off&#8220; _builder_version=&#8220;4.7.0&#8243; _module_preset=&#8220;default&#8220; header_font=&#8220;|700|||||||&#8220; header_font_size=&#8220;24px&#8220; background_color=&#8220;#d9af14&#8243; text_orientation=&#8220;right&#8220; background_layout=&#8220;dark&#8220; custom_margin=&#8220;||0px||false|false&#8220; custom_padding=&#8220;16px|12px|0px|12px|false|true&#8220; border_width_top=&#8220;2px&#8220; border_color_top=&#8220;#d9af14&#8243; body_text_color__hover_enabled=&#8220;on|desktop&#8220;][\/et_pb_sidebar][\/et_pb_column][et_pb_column type=&#8220;2_3&#8243; _builder_version=&#8220;4.6.6&#8243; _module_preset=&#8220;default&#8220;][et_pb_text _builder_version=&#8220;4.6.6&#8243; header_2_font=&#8220;||||||||&#8220; header_4_font=&#8220;Montserrat|700||on|||||&#8220; header_4_text_color=&#8220;#a2aab2&#8243; header_4_font_size=&#8220;15px&#8220; header_4_letter_spacing=&#8220;2px&#8220; header_4_line_height=&#8220;1.6em&#8220; max_width_tablet=&#8220;700px&#8220; max_width_phone=&#8220;700px&#8220; max_width_last_edited=&#8220;off|desktop&#8220; custom_margin_tablet=&#8220;|0px||&#8220; custom_margin_phone=&#8220;|0px||&#8220; custom_margin_last_edited=&#8220;off|desktop&#8220; header_2_font_size_last_edited=&#8220;off|desktop&#8220; locked=&#8220;off&#8220;]<\/p>\n<h4>BUND DER MUSIKER DER TSCHECHISCHEN REPUBLIK<br \/>\n<\/h4>\n<p>[\/et_pb_text][et_pb_text _builder_version=&#8220;4.7.0&#8243; header_2_font=&#8220;Montserrat|800|||||||&#8220; max_width=&#8220;540px&#8220; max_width_tablet=&#8220;700px&#8220; max_width_phone=&#8220;700px&#8220; max_width_last_edited=&#8220;off|desktop&#8220; custom_margin=&#8220;||-2px|||&#8220; custom_margin_tablet=&#8220;|0px||&#8220; custom_margin_phone=&#8220;|0px||&#8220; custom_margin_last_edited=&#8220;off|desktop&#8220; border_width_top=&#8220;2px&#8220; locked=&#8220;off&#8220;]<\/p>\n<h2><strong>Die Abteilung der Beratung und Unterst\u00fctzung<br \/>\n<\/strong><\/h2>\n<p>[\/et_pb_text][et_pb_text _builder_version=&#8220;4.7.0&#8243; _module_preset=&#8220;default&#8220;]Die Abteilung der Beratung und Unterst\u00fctzung befasst sich mit der Organisation musikalischer Aktivit\u00e4ten in \u00dcbereinstimmung mit der geltenden Gesetztgebung und bietet professionelle fachliche Beratung f\u00fcr ihre Mitglieder und registrierte Anh\u00e4nger an. Zu den weiteren Aktivit\u00e4ten geh\u00f6rt die Anwerbung der F\u00f6rderer.[\/et_pb_text][\/et_pb_column][\/et_pb_row][\/et_pb_section][et_pb_section fb_built=&#8220;1&#8243; disabled_on=&#8220;on|on|on&#8220; admin_label=&#8220;About us&#8220; _builder_version=&#8220;3.22&#8243; custom_padding=&#8220;0px|||||&#8220; disabled=&#8220;on&#8220;][et_pb_row column_structure=&#8220;1_2,1_2&#8243; _builder_version=&#8220;3.25&#8243; max_width=&#8220;1280px&#8220; use_custom_width=&#8220;on&#8220; custom_width_px=&#8220;1280px&#8220;][et_pb_column type=&#8220;1_2&#8243; _builder_version=&#8220;3.25&#8243; custom_padding=&#8220;|||&#8220; custom_padding__hover=&#8220;|||&#8220;][et_pb_text _builder_version=&#8220;4.6.6&#8243; header_2_font=&#8220;Montserrat|800|||||||&#8220; max_width_tablet=&#8220;700px&#8220; max_width_phone=&#8220;700px&#8220; max_width_last_edited=&#8220;off|desktop&#8220; custom_margin_tablet=&#8220;|0px||&#8220; custom_margin_phone=&#8220;|0px||&#8220; custom_margin_last_edited=&#8220;off|desktop&#8220; border_width_top=&#8220;2px&#8220; locked=&#8220;off&#8220;]<\/p>\n<h2>Fotografie<\/p>\n<\/h2>\n<p>Donec sollicitudin molestie malesuada. Mauris blandit aliquet elit, eget tincidunt nibh pulvinar a. Praesent sapien massa, convallis a pellentesque nec, egestas non nisi. Mauris blandit aliquet elit, eget tincidunt nibh pulvinar a. Vivamus suscipit tortor eget felis<\/p>\n<p>[\/et_pb_text][et_pb_image src=&#8220;https:\/\/shcr.cz\/wp-content\/uploads\/2020\/11\/dechova_hudba_bg.jpg&#8220; title_text=&#8220;dechova_hudba_bg&#8220; align_tablet=&#8220;center&#8220; align_phone=&#8220;&#8220; align_last_edited=&#8220;on|desktop&#8220; _builder_version=&#8220;4.6.6&#8243; max_width=&#8220;70%&#8220; max_width_tablet=&#8220;&#8220; max_width_phone=&#8220;&#8220; max_width_last_edited=&#8220;on|tablet&#8220; module_alignment=&#8220;right&#8220; animation_style=&#8220;slide&#8220; animation_direction=&#8220;left&#8220; animation_delay=&#8220;200ms&#8220; animation_intensity_slide=&#8220;10%&#8220; locked=&#8220;off&#8220;][\/et_pb_image][et_pb_image src=&#8220;https:\/\/shcr.cz\/wp-content\/uploads\/2020\/11\/law-firm-21.jpg&#8220; title_text=&#8220;law-firm-21&#8243; align_tablet=&#8220;center&#8220; align_phone=&#8220;&#8220; align_last_edited=&#8220;on|desktop&#8220; _builder_version=&#8220;4.6.6&#8243; max_width=&#8220;70%&#8220; max_width_tablet=&#8220;&#8220; max_width_phone=&#8220;&#8220; max_width_last_edited=&#8220;on|tablet&#8220; module_alignment=&#8220;right&#8220; animation_style=&#8220;slide&#8220; animation_direction=&#8220;left&#8220; animation_delay=&#8220;200ms&#8220; animation_intensity_slide=&#8220;10%&#8220; locked=&#8220;off&#8220;][\/et_pb_image][\/et_pb_column][et_pb_column type=&#8220;1_2&#8243; _builder_version=&#8220;3.25&#8243; custom_padding=&#8220;14%|||&#8220; custom_padding_tablet=&#8220;0%|||&#8220; custom_padding_phone=&#8220;&#8220; custom_padding_last_edited=&#8220;on|desktop&#8220; padding_tablet=&#8220;0%|||&#8220; padding_last_edited=&#8220;on|desktop&#8220; custom_padding__hover=&#8220;|||&#8220;][et_pb_video src=&#8220;https:\/\/www.youtube.com\/watch?v=FkQuawiGWUw&#8220; image_src=&#8220;https:\/\/shcr.cz\/wp-content\/uploads\/2020\/11\/law-firm-25.jpg&#8220; _builder_version=&#8220;3.9&#8243; custom_margin=&#8220;||10%|&#8220; custom_margin_tablet=&#8220;&#8220; custom_margin_phone=&#8220;&#8220; custom_margin_last_edited=&#8220;on|tablet&#8220; animation_style=&#8220;slide&#8220; animation_direction=&#8220;right&#8220; animation_intensity_slide=&#8220;10%&#8220; locked=&#8220;off&#8220;][\/et_pb_video][et_pb_image src=&#8220;https:\/\/shcr.cz\/wp-content\/uploads\/2020\/11\/law-firm-03.jpg&#8220; align_tablet=&#8220;center&#8220; align_phone=&#8220;&#8220; align_last_edited=&#8220;on|desktop&#8220; _builder_version=&#8220;3.23&#8243; max_width=&#8220;70%&#8220; max_width_tablet=&#8220;&#8220; max_width_phone=&#8220;&#8220; max_width_last_edited=&#8220;on|tablet&#8220; animation_style=&#8220;slide&#8220; animation_direction=&#8220;right&#8220; animation_delay=&#8220;400ms&#8220; animation_intensity_slide=&#8220;10%&#8220;][\/et_pb_image][\/et_pb_column][\/et_pb_row][\/et_pb_section]<\/p>\n","protected":false},"excerpt":{"rendered":"<p>Die Abteilung der Beratung und Unterst\u00fctzung Der Bund bringt die Tanz-, Swing- und Jazzorchester (Big Bands) zusammen, mit dem Vorhaben, diese Orchester, derer T\u00e4tigkeit und Pr\u00e4sentation zu unterst\u00fctzen. BUND DER MUSIKER DER TSCHECHISCHEN REPUBLIK Die Abteilung der Beratung und Unterst\u00fctzung Die Abteilung der Beratung und Unterst\u00fctzung befasst sich mit der Organisation musikalischer Aktivit\u00e4ten in \u00dcbereinstimmung [&hellip;]<\/p>\n","protected":false},"author":1,"featured_media":0,"parent":26171,"menu_order":0,"comment_status":"closed","ping_status":"closed","template":"","meta":{"_seopress_robots_primary_cat":"","_seopress_titles_title":"","_seopress_titles_desc":"","_seopress_robots_index":"","_seopress_analysis_target_kw":"","_et_pb_use_builder":"on","_et_pb_old_content":"","_et_gb_content_width":"","footnotes":""},"class_list":["post-26218","page","type-page","status-publish","hentry"],"_links":{"self":[{"href":"https:\/\/shcr.cz\/de\/wp-json\/wp\/v2\/pages\/26218","targetHints":{"allow":["GET"]}}],"collection":[{"href":"https:\/\/shcr.cz\/de\/wp-json\/wp\/v2\/pages"}],"about":[{"href":"https:\/\/shcr.cz\/de\/wp-json\/wp\/v2\/types\/page"}],"author":[{"embeddable":true,"href":"https:\/\/shcr.cz\/de\/wp-json\/wp\/v2\/users\/1"}],"replies":[{"embeddable":true,"href":"https:\/\/shcr.cz\/de\/wp-json\/wp\/v2\/comments?post=26218"}],"version-history":[{"count":0,"href":"https:\/\/shcr.cz\/de\/wp-json\/wp\/v2\/pages\/26218\/revisions"}],"up":[{"embeddable":true,"href":"https:\/\/shcr.cz\/de\/wp-json\/wp\/v2\/pages\/26171"}],"wp:attachment":[{"href":"https:\/\/shcr.cz\/de\/wp-json\/wp\/v2\/media?parent=26218"}],"curies":[{"name":"wp","href":"https:\/\/api.w.org\/{rel}","templated":true}]}}