{"id":26477,"date":"2021-03-20T22:14:46","date_gmt":"2021-03-20T21:14:46","guid":{"rendered":"https:\/\/shcr.cz\/ehrenabzeichen-von-sh-cr\/"},"modified":"2025-11-11T21:34:03","modified_gmt":"2025-11-11T20:34:03","slug":"ehrenabzeichen-von-sh-cr","status":"publish","type":"page","link":"https:\/\/shcr.cz\/de\/ehrenabzeichen-von-sh-cr\/","title":{"rendered":"Ehrenabzeichen von SH \u010cR"},"content":{"rendered":"<p>[et_pb_section fb_built=&#8220;1&#8243; admin_label=&#8220;Hero&#8220; _builder_version=&#8220;4.16&#8243; background_color=&#8220;#d9af14&#8243; background_color_gradient_direction=&#8220;175deg&#8220; background_enable_image=&#8220;off&#8220; background_size=&#8220;contain&#8220; background_position=&#8220;center_right&#8220; background_blend=&#8220;soft-light&#8220; custom_padding=&#8220;||0px|||&#8220; background_last_edited=&#8220;on|tablet&#8220; background_enable_image_tablet=&#8220;off&#8220; global_colors_info=&#8220;{}&#8220;][et_pb_row column_structure=&#8220;2_3,1_3&#8243; _builder_version=&#8220;4.16&#8243; background_size=&#8220;initial&#8220; background_position=&#8220;top_left&#8220; background_repeat=&#8220;repeat&#8220; custom_padding=&#8220;27px|0px|27px|0px|false|false&#8220; global_colors_info=&#8220;{}&#8220;][et_pb_column type=&#8220;2_3&#8243; _builder_version=&#8220;4.16&#8243; custom_padding=&#8220;|||&#8220; global_colors_info=&#8220;{}&#8220; custom_padding__hover=&#8220;|||&#8220;][et_pb_text _builder_version=&#8220;4.16&#8243; text_font_size=&#8220;20px&#8220; text_line_height=&#8220;1.8em&#8220; header_font=&#8220;Open Sans|800|||||||&#8220; header_font_size=&#8220;60px&#8220; header_line_height=&#8220;1.3em&#8220; background_size=&#8220;initial&#8220; background_position=&#8220;top_left&#8220; background_repeat=&#8220;repeat&#8220; background_layout=&#8220;dark&#8220; max_width=&#8220;800px&#8220; custom_margin=&#8220;||13px|||&#8220; custom_margin_tablet=&#8220;|100px||&#8220; custom_margin_phone=&#8220;|30px||&#8220; custom_margin_last_edited=&#8220;off|desktop&#8220; header_font_size_tablet=&#8220;50px&#8220; header_font_size_phone=&#8220;40px&#8220; header_font_size_last_edited=&#8220;on|phone&#8220; header_line_height_tablet=&#8220;&#8220; header_line_height_phone=&#8220;&#8220; header_line_height_last_edited=&#8220;on|desktop&#8220; global_colors_info=&#8220;{}&#8220;]<\/p>\n<h1>Ehrenabzeichen von SH \u010cR<\/h1>\n<p>[\/et_pb_text][et_pb_dcsbcm_divi_breadcrumbs_module homebreadcrumbtext=&#8220;SH\u010cR&#8220; separator=&#8220;sep-mdash&#8220; _builder_version=&#8220;4.16&#8243; _module_preset=&#8220;default&#8220; fontsbreadcrumblinks_text_color=&#8220;#ffffff&#8220; global_colors_info=&#8220;{}&#8220;][\/et_pb_dcsbcm_divi_breadcrumbs_module][\/et_pb_column][et_pb_column type=&#8220;1_3&#8243; _builder_version=&#8220;4.16&#8243; custom_padding=&#8220;|||&#8220; global_colors_info=&#8220;{}&#8220; custom_padding__hover=&#8220;|||&#8220;][et_pb_image src=&#8220;https:\/\/shcr.cz\/wp-content\/uploads\/2020\/11\/shcr_logo_white-300&#215;215.png&#8220; title_text=&#8220;shcr_logo_white&#8220; _builder_version=&#8220;4.16&#8243; _module_preset=&#8220;default&#8220; max_width=&#8220;80%&#8220; global_colors_info=&#8220;{}&#8220;][\/et_pb_image][\/et_pb_column][\/et_pb_row][\/et_pb_section][et_pb_section fb_built=&#8220;1&#8243; _builder_version=&#8220;4.16&#8243; _module_preset=&#8220;default&#8220; custom_padding=&#8220;2px||2px|||&#8220; global_colors_info=&#8220;{}&#8220;][et_pb_row _builder_version=&#8220;4.16&#8243; _module_preset=&#8220;default&#8220; custom_padding=&#8220;||0px|||&#8220; global_colors_info=&#8220;{}&#8220;][et_pb_column type=&#8220;4_4&#8243; _builder_version=&#8220;4.16&#8243; _module_preset=&#8220;default&#8220; global_colors_info=&#8220;{}&#8220;][et_pb_text _builder_version=&#8220;4.16&#8243; header_2_font=&#8220;Montserrat|800|||||||&#8220; max_width=&#8220;540px&#8220; max_width_tablet=&#8220;700px&#8220; max_width_phone=&#8220;700px&#8220; max_width_last_edited=&#8220;off|desktop&#8220; custom_margin=&#8220;||-2px|||&#8220; custom_margin_tablet=&#8220;|0px||&#8220; custom_margin_phone=&#8220;|0px||&#8220; custom_margin_last_edited=&#8220;off|desktop&#8220; border_width_top=&#8220;2px&#8220; locked=&#8220;off&#8220; global_colors_info=&#8220;{}&#8220;]<\/p>\n<h2 class=\"p1\"><strong>Information<\/strong><\/h2>\n<p>[\/et_pb_text][\/et_pb_column][\/et_pb_row][et_pb_row _builder_version=&#8220;4.16&#8243; _module_preset=&#8220;default&#8220; custom_padding=&#8220;2px|||||&#8220; global_colors_info=&#8220;{}&#8220;][et_pb_column type=&#8220;4_4&#8243; _builder_version=&#8220;4.16&#8243; _module_preset=&#8220;default&#8220; global_colors_info=&#8220;{}&#8220;][et_pb_text _builder_version=&#8220;4.16&#8243; _module_preset=&#8220;default&#8220; global_colors_info=&#8220;{}&#8220;]<\/p>\n<p>Das Ehrenabzeichen des Musikerverbandes der Tschechischen Republik wird vom Pr\u00e4sidium der SH CR auf Vorschlag der Mitglieder verliehen.<\/p>\n<p>[\/et_pb_text][et_pb_text _builder_version=&#8220;4.27.4&#8243; _module_preset=&#8220;default&#8220; hover_enabled=&#8220;0&#8243; global_colors_info=&#8220;{}&#8220; sticky_enabled=&#8220;0&#8243;]<\/p>\n<h2>2025<\/h2>\n<p>Prag, 7. 11. 2025<\/p>\n<p><strong>Josef Vejvoda<br \/><\/strong>f\u00fcr sein lebenslanges Engagement im Bereich der Popul\u00e4rmusik<\/p>\n<p><b>Anton\u00edn Kon\u00ed\u010dek<br \/><\/b>f\u00fcr die F\u00f6rderung der Blas- und Volksmusik<\/p>\n<p><strong>Franti\u0161ek Fejgl<br \/><\/strong>f\u00fcr sein lebenslanges k\u00fcnstlerisches und p\u00e4dagogisches Schaffen<\/p>\n<p><strong>Svetoslav To\u010dev<br \/><\/strong>f\u00fcr seinen k\u00fcnstlerischen Beitrag und die F\u00f6rderung multigenre-Musik<\/p>\n<p><b>Pavel B\u011bl\u00edk<br \/><\/b>f\u00fcr seinen k\u00fcnstlerischen Beitrag und die F\u00f6rderung multigenre-Musik<\/p>\n<h2>\u2013\u2013\u2013\u2013<\/h2>\n<h2>2024<\/h2>\n<p>Prag, 8. November 2024<\/p>\n<p><strong>V\u00e1clav Hlav\u00e1\u010dek<\/strong><br \/>f\u00fcr seinen Beitrag auf dem Gebiet der Blasmusik<\/p>\n<p><strong>Tom\u00e1\u0161 \u010cisteck\u00fd<\/strong><br \/>f\u00fcr seine langj\u00e4hrige Arbeit f\u00fcr den Verband der Musiker der Tschechischen Republik<\/p>\n<p><strong>V\u00e1clav Blahunek<\/strong><br \/>f\u00fcr die Popularisierung der Blasmusik<\/p>\n<h2>\u2013\u2013\u2013<\/h2>\n<h2>2023<\/h2>\n<p>Prag, 10. November 2023<\/p>\n<p><span><strong>Mojm\u00edr B\u00e1rtek<br \/><\/strong><\/span>f\u00fcr seine lebenslange Popularisierung des Jazz und seine p\u00e4dagogischen Aktivit\u00e4ten<\/p>\n<p><strong>Anton\u00edn Felix Slov\u00e1\u010dek<br \/><\/strong><span>f\u00fcr seinen lebenslangen Beitrag auf dem Gebiet der popul\u00e4ren Musik<\/span><\/p>\n<p><span><strong>Petr St\u0159\u00ed\u0161ka<\/strong><br \/>f\u00fcr seinen Lebensbeitrag auf dem Gebiet der Blasmusik<\/span><\/p>\n<p><span><strong>Jaroslav Bayer<\/strong><br \/>f\u00fcr seine langj\u00e4hrige Arbeit f\u00fcr den Verband der Musiker der Tschechischen Republik<\/span><\/p>\n<p><strong>Franti\u0161ek Tkadlec<br \/><\/strong><span>f\u00fcr seinen Beitrag auf dem Gebiet der Blasmusik<\/span><\/p>\n<p><span><strong>Jaroslav \u0160\u00edp<\/strong><br \/>f\u00fcr die Popularisierung der Blasmusik<\/span><\/p>\n<h2>\u2013\u2013\u2013<br \/>2021<\/h2>\n<p>Prag, 1. Oktober 2021<\/p>\n<p><span><strong>V\u00e1clav Hyb\u0161<\/strong><br \/>f\u00fcr seinen Lebensbeitrag auf dem Gebiet der Blasmusik und der Unterhaltungsmusik<\/span><\/p>\n<p><span><strong>Jan Slab\u00e1k<\/strong><br \/>f\u00fcr seinen Lebensbeitrag auf dem Gebiet der Blasmusik<\/span><\/p>\n<p><span><strong>Rudolf Mihulka<\/strong><br \/>f\u00fcr seine lebenslange Popularisierung des Jazz und seine p\u00e4dagogischen Aktivit\u00e4ten<\/span><\/p>\n<p><strong>Jarmila Pavl\u00ed\u010dkov\u00e1<br \/><\/strong><span>f\u00fcr ihr Lebenswerk auf dem Gebiet der Tanz- und Bewegungserziehung<\/span><\/p>\n<p><span><strong>Vlastislav \u0160afr\u00e1nek<\/strong><br \/>f\u00fcr sein herausragendes langj\u00e4hriges Engagement f\u00fcr den Verband der Musiker der Tschechischen Republik<\/span><\/p>\n<p>&nbsp;<\/p>\n<p>[\/et_pb_text][\/et_pb_column][\/et_pb_row][\/et_pb_section]<\/p>\n","protected":false},"excerpt":{"rendered":"<p>Ehrenabzeichen von SH \u010cRInformationDas Ehrenabzeichen des Musikerverbandes der Tschechischen Republik wird vom Pr\u00e4sidium der SH CR auf Vorschlag der Mitglieder verliehen.2025 Prag, 7. 11. 2025 Josef Vejvodaf\u00fcr sein lebenslanges Engagement im Bereich der Popul\u00e4rmusik Anton\u00edn Kon\u00ed\u010dekf\u00fcr die F\u00f6rderung der Blas- und Volksmusik Franti\u0161ek Fejglf\u00fcr sein lebenslanges k\u00fcnstlerisches und p\u00e4dagogisches Schaffen Svetoslav To\u010devf\u00fcr seinen k\u00fcnstlerischen Beitrag [&hellip;]<\/p>\n","protected":false},"author":1,"featured_media":0,"parent":0,"menu_order":0,"comment_status":"closed","ping_status":"closed","template":"","meta":{"_seopress_robots_primary_cat":"","_seopress_titles_title":"","_seopress_titles_desc":"","_seopress_robots_index":"","_et_pb_use_builder":"on","_et_pb_old_content":"","_et_gb_content_width":"","footnotes":""},"class_list":["post-26477","page","type-page","status-publish","hentry"],"_links":{"self":[{"href":"https:\/\/shcr.cz\/de\/wp-json\/wp\/v2\/pages\/26477","targetHints":{"allow":["GET"]}}],"collection":[{"href":"https:\/\/shcr.cz\/de\/wp-json\/wp\/v2\/pages"}],"about":[{"href":"https:\/\/shcr.cz\/de\/wp-json\/wp\/v2\/types\/page"}],"author":[{"embeddable":true,"href":"https:\/\/shcr.cz\/de\/wp-json\/wp\/v2\/users\/1"}],"replies":[{"embeddable":true,"href":"https:\/\/shcr.cz\/de\/wp-json\/wp\/v2\/comments?post=26477"}],"version-history":[{"count":0,"href":"https:\/\/shcr.cz\/de\/wp-json\/wp\/v2\/pages\/26477\/revisions"}],"wp:attachment":[{"href":"https:\/\/shcr.cz\/de\/wp-json\/wp\/v2\/media?parent=26477"}],"curies":[{"name":"wp","href":"https:\/\/api.w.org\/{rel}","templated":true}]}}