{"id":25956,"date":"2020-11-05T13:58:21","date_gmt":"2020-11-05T12:58:21","guid":{"rendered":"https:\/\/shcr.cz\/sekce\/"},"modified":"2023-01-27T12:57:48","modified_gmt":"2023-01-27T11:57:48","slug":"divisions","status":"publish","type":"page","link":"https:\/\/shcr.cz\/en\/divisions\/","title":{"rendered":"Divisions"},"content":{"rendered":"<p>[et_pb_section fb_built=&#8221;1&#8243; admin_label=&#8221;Hero&#8221; _builder_version=&#8221;4.16&#8243; background_color=&#8221;#d9af14&#8243; background_color_gradient_direction=&#8221;175deg&#8221; background_enable_image=&#8221;off&#8221; custom_padding=&#8221;||0px|||&#8221; global_colors_info=&#8221;{}&#8221;][et_pb_row column_structure=&#8221;2_3,1_3&#8243; _builder_version=&#8221;4.16&#8243; background_size=&#8221;initial&#8221; background_position=&#8221;top_left&#8221; background_repeat=&#8221;repeat&#8221; custom_padding=&#8221;27px|0px|27px|0px|false|false&#8221; global_colors_info=&#8221;{}&#8221;][et_pb_column type=&#8221;2_3&#8243; _builder_version=&#8221;4.16&#8243; custom_padding=&#8221;|||&#8221; global_colors_info=&#8221;{}&#8221; custom_padding__hover=&#8221;|||&#8221;][et_pb_text _builder_version=&#8221;4.16&#8243; text_font_size=&#8221;20px&#8221; text_line_height=&#8221;1.8em&#8221; header_font=&#8221;Open Sans|800|||||||&#8221; header_font_size=&#8221;60px&#8221; header_line_height=&#8221;1.3em&#8221; background_size=&#8221;initial&#8221; background_position=&#8221;top_left&#8221; background_repeat=&#8221;repeat&#8221; background_layout=&#8221;dark&#8221; max_width=&#8221;800px&#8221; custom_margin=&#8221;||13px|||&#8221; custom_margin_tablet=&#8221;|100px||&#8221; custom_margin_phone=&#8221;|30px||&#8221; custom_margin_last_edited=&#8221;off|desktop&#8221; header_font_size_tablet=&#8221;50px&#8221; header_font_size_phone=&#8221;40px&#8221; header_font_size_last_edited=&#8221;on|phone&#8221; header_line_height_tablet=&#8221;&#8221; header_line_height_phone=&#8221;&#8221; header_line_height_last_edited=&#8221;on|desktop&#8221; global_colors_info=&#8221;{}&#8221;]<\/p>\n<h1>Divisions<\/h1>\n<p>[\/et_pb_text][et_pb_dcsbcm_divi_breadcrumbs_module homebreadcrumbtext=&#8221;SH\u010cR&#8221; separator=&#8221;sep-mdash&#8221; _builder_version=&#8221;4.16&#8243; _module_preset=&#8221;default&#8221; fontsbreadcrumblinks_text_color=&#8221;#ffffff&#8221; global_colors_info=&#8221;{}&#8221;][\/et_pb_dcsbcm_divi_breadcrumbs_module][\/et_pb_column][et_pb_column type=&#8221;1_3&#8243; _builder_version=&#8221;4.16&#8243; custom_padding=&#8221;|||&#8221; global_colors_info=&#8221;{}&#8221; custom_padding__hover=&#8221;|||&#8221;][et_pb_image src=&#8221;https:\/\/shcr.cz\/wp-content\/uploads\/2020\/11\/shcr_logo_white.png&#8221; title_text=&#8221;shcr_logo_white&#8221; align=&#8221;center&#8221; _builder_version=&#8221;4.16&#8243; _module_preset=&#8221;default&#8221; max_width=&#8221;80%&#8221; custom_margin=&#8221;||14px|||&#8221; global_colors_info=&#8221;{}&#8221;][\/et_pb_image][\/et_pb_column][\/et_pb_row][\/et_pb_section][et_pb_section fb_built=&#8221;1&#8243; admin_label=&#8221;Hero&#8221; _builder_version=&#8221;4.16&#8243; background_enable_color=&#8221;off&#8221; background_color_gradient_direction=&#8221;170deg&#8221; background_enable_image=&#8221;off&#8221; custom_padding=&#8221;|||&#8221; global_colors_info=&#8221;{}&#8221;][et_pb_row column_structure=&#8221;1_4,1_4,1_4,1_4&#8243; use_custom_gutter=&#8221;on&#8221; gutter_width=&#8221;2&#8243; _builder_version=&#8221;4.16&#8243; global_colors_info=&#8221;{}&#8221;][et_pb_column type=&#8221;1_4&#8243; _builder_version=&#8221;4.16&#8243; custom_padding=&#8221;|||&#8221; global_colors_info=&#8221;{}&#8221; custom_padding__hover=&#8221;|||&#8221;][et_pb_text _builder_version=&#8221;4.16&#8243; text_line_height=&#8221;1.8em&#8221; link_text_color=&#8221;#ffffff&#8221; header_3_font=&#8221;Open Sans|700|||||||&#8221; header_3_line_height=&#8221;1.6em&#8221; background_color=&#8221;#A6850F&#8221; background_layout=&#8221;dark&#8221; custom_padding=&#8221;30px|30px|30px|30px|true|true&#8221; animation_style=&#8221;fold&#8221; animation_direction=&#8221;top&#8221; global_colors_info=&#8221;{}&#8221; link_text_color__hover_enabled=&#8221;on|hover&#8221; link_text_color__hover=&#8221;#000000&#8243;]<\/p>\n<h3>Brass Band Division<\/h3>\n<p>Brass band division unites the brass bands to support their activities, formations of new bands, and their education. We offer consultations\u2026<\/p>\n<p><a href=\"https:\/\/shcr.cz\/en\/divisions\/brass-band-division\/\"><em>\u2013\u2013 more<\/em><\/a><\/p>\n<p>[\/et_pb_text][\/et_pb_column][et_pb_column type=&#8221;1_4&#8243; _builder_version=&#8221;4.16&#8243; custom_padding=&#8221;|||&#8221; global_colors_info=&#8221;{}&#8221; custom_padding__hover=&#8221;|||&#8221;][et_pb_text _builder_version=&#8221;4.16&#8243; text_line_height=&#8221;1.8em&#8221; link_text_color=&#8221;#ffffff&#8221; header_3_font=&#8221;Open Sans|700|||||||&#8221; header_3_line_height=&#8221;1.6em&#8221; background_color=&#8221;#d9af14&#8243; background_layout=&#8221;dark&#8221; custom_padding=&#8221;30px|30px|30px|30px|true|true&#8221; animation_style=&#8221;fold&#8221; animation_direction=&#8221;top&#8221; animation_delay=&#8221;200ms&#8221; global_colors_info=&#8221;{}&#8221; link_text_color__hover_enabled=&#8221;on|hover&#8221; link_text_color__hover=&#8221;#000000&#8243;]<\/p>\n<h3>Mainstream Division<\/h3>\n<p>Mainstream division unites dance, swing, and jazz orchestras \u2013 the big bands. Our purpose is to support the activities, presentation\u2026<\/p>\n<p><strong><a href=\"https:\/\/shcr.cz\/en\/divisions\/mainstream-division\/\" title=\"Mainstream Division\"><em>&#8212; more<\/em><\/a><\/strong><\/p>\n<p>[\/et_pb_text][\/et_pb_column][et_pb_column type=&#8221;1_4&#8243; _builder_version=&#8221;4.16&#8243; custom_padding=&#8221;|||&#8221; global_colors_info=&#8221;{}&#8221; custom_padding__hover=&#8221;|||&#8221;][et_pb_text _builder_version=&#8221;4.16&#8243; text_line_height=&#8221;1.8em&#8221; link_text_color=&#8221;#ffffff&#8221; header_3_font=&#8221;Open Sans|700|||||||&#8221; header_3_font_size=&#8221;18px&#8221; header_3_line_height=&#8221;1.6em&#8221; background_color=&#8221;#DFC257&#8243; background_layout=&#8221;dark&#8221; custom_padding=&#8221;30px|30px|30px|30px|true|true&#8221; animation_style=&#8221;fold&#8221; animation_direction=&#8221;top&#8221; animation_delay=&#8221;400ms&#8221; global_colors_info=&#8221;{}&#8221; link_text_color__hover_enabled=&#8221;on|desktop&#8221; link_text_color__hover=&#8221;#000000&#8243;]<\/p>\n<h3>Dance and Movement Division<\/h3>\n<p>Dance and movement division is an independent part of UMCR. The division works not only on the events for our union but also on its own projects.<\/p>\n<p><a href=\"https:\/\/shcr.cz\/en\/divisions\/dance-and-movement-division\/\" title=\"Sekce tane\u010dn\u00ed a pohybov\u00e1\"><strong><em>&#8212; more<\/em><\/strong><\/a><\/p>\n<p>[\/et_pb_text][\/et_pb_column][et_pb_column type=&#8221;1_4&#8243; _builder_version=&#8221;4.16&#8243; custom_padding=&#8221;|||&#8221; global_colors_info=&#8221;{}&#8221; custom_padding__hover=&#8221;|||&#8221;][et_pb_text _builder_version=&#8221;4.16&#8243; text_line_height=&#8221;1.8em&#8221; link_text_color=&#8221;#ffffff&#8221; header_3_font=&#8221;Open Sans|700|||||||&#8221; header_3_font_size=&#8221;18px&#8221; header_3_line_height=&#8221;1.6em&#8221; background_color=&#8221;#d9af14&#8243; background_layout=&#8221;dark&#8221; custom_padding=&#8221;30px|30px|30px|30px|true|true&#8221; animation_style=&#8221;fold&#8221; animation_direction=&#8221;top&#8221; animation_delay=&#8221;400ms&#8221; global_colors_info=&#8221;{}&#8221; link_text_color__hover_enabled=&#8221;on|hover&#8221; link_text_color__hover=&#8221;#000000&#8243;]<\/p>\n<h3>Organizational and Legal Division<\/h3>\n<p>Legal, organizational and patron division deals with the organization of the musical events according to valid legislation. <\/p>\n<p><a href=\"https:\/\/shcr.cz\/en\/divisions\/organizational-and-legal-division\/\" title=\"Organiza\u010dn\u00ed a pr\u00e1vn\u00ed sekce\"><strong><em>&#8212; more<\/em><\/strong><\/a><\/p>\n<p>[\/et_pb_text][\/et_pb_column][\/et_pb_row][\/et_pb_section]<\/p>\n","protected":false},"excerpt":{"rendered":"<p>DivisionsBrass Band Division Brass band division unites the brass bands to support their activities, formations of new bands, and their education. We offer consultations\u2026 \u2013\u2013 moreMainstream Division Mainstream division unites dance, swing, and jazz orchestras \u2013 the big bands. Our purpose is to support the activities, presentation\u2026 &#8212; moreDance and Movement Division Dance and movement [&hellip;]<\/p>\n","protected":false},"author":1,"featured_media":0,"parent":0,"menu_order":0,"comment_status":"closed","ping_status":"closed","template":"","meta":{"_seopress_robots_primary_cat":"","_seopress_titles_title":"","_seopress_titles_desc":"","_seopress_robots_index":"","_et_pb_use_builder":"on","_et_pb_old_content":"<!-- wp:divi\/placeholder \/-->","_et_gb_content_width":"","footnotes":""},"class_list":["post-25956","page","type-page","status-publish","hentry"],"_links":{"self":[{"href":"https:\/\/shcr.cz\/en\/wp-json\/wp\/v2\/pages\/25956","targetHints":{"allow":["GET"]}}],"collection":[{"href":"https:\/\/shcr.cz\/en\/wp-json\/wp\/v2\/pages"}],"about":[{"href":"https:\/\/shcr.cz\/en\/wp-json\/wp\/v2\/types\/page"}],"author":[{"embeddable":true,"href":"https:\/\/shcr.cz\/en\/wp-json\/wp\/v2\/users\/1"}],"replies":[{"embeddable":true,"href":"https:\/\/shcr.cz\/en\/wp-json\/wp\/v2\/comments?post=25956"}],"version-history":[{"count":0,"href":"https:\/\/shcr.cz\/en\/wp-json\/wp\/v2\/pages\/25956\/revisions"}],"wp:attachment":[{"href":"https:\/\/shcr.cz\/en\/wp-json\/wp\/v2\/media?parent=25956"}],"curies":[{"name":"wp","href":"https:\/\/api.w.org\/{rel}","templated":true}]}}