{"id":25966,"date":"2020-11-12T13:58:02","date_gmt":"2020-11-12T12:58:02","guid":{"rendered":"https:\/\/shcr.cz\/divisions\/presidium\/"},"modified":"2023-03-30T16:03:37","modified_gmt":"2023-03-30T14:03:37","slug":"presidium","status":"publish","type":"page","link":"https:\/\/shcr.cz\/en\/presidium\/","title":{"rendered":"Presidium"},"content":{"rendered":"<p>[et_pb_section fb_built=&#8221;1&#8243; admin_label=&#8221;Hero&#8221; _builder_version=&#8221;4.16&#8243; background_enable_color=&#8221;off&#8221; use_background_color_gradient=&#8221;on&#8221; background_color_gradient_direction=&#8221;170deg&#8221; background_color_gradient_stops=&#8221;#7f7f7c 1%|rgba(217,175,20,0.31) 100%&#8221; background_color_gradient_overlays_image=&#8221;on&#8221; background_color_gradient_start=&#8221;#7f7f7c&#8221; background_color_gradient_start_position=&#8221;1%&#8221; background_color_gradient_end=&#8221;rgba(217,175,20,0.31)&#8221; background_image=&#8221;https:\/\/shcr.cz\/wp-content\/uploads\/2021\/03\/prague_hp.jpg&#8221; background_position=&#8221;top_center&#8221; custom_padding=&#8221;|||&#8221; global_colors_info=&#8221;{}&#8221;][et_pb_row _builder_version=&#8221;4.16&#8243; background_size=&#8221;initial&#8221; background_position=&#8221;top_left&#8221; background_repeat=&#8221;repeat&#8221; custom_padding=&#8221;27px|0px|27px|0px|false|false&#8221; global_colors_info=&#8221;{}&#8221;][et_pb_column type=&#8221;4_4&#8243; _builder_version=&#8221;4.16&#8243; custom_padding=&#8221;|||&#8221; global_colors_info=&#8221;{}&#8221; custom_padding__hover=&#8221;|||&#8221;][et_pb_text _builder_version=&#8221;4.16&#8243; text_font_size=&#8221;20px&#8221; text_line_height=&#8221;1.8em&#8221; header_font=&#8221;Open Sans|800|||||||&#8221; header_font_size=&#8221;60px&#8221; header_line_height=&#8221;1.3em&#8221; background_size=&#8221;initial&#8221; background_position=&#8221;top_left&#8221; background_repeat=&#8221;repeat&#8221; background_layout=&#8221;dark&#8221; max_width=&#8221;800px&#8221; custom_margin=&#8221;||13px|||&#8221; custom_margin_tablet=&#8221;|100px||&#8221; custom_margin_phone=&#8221;|30px||&#8221; custom_margin_last_edited=&#8221;off|desktop&#8221; header_font_size_tablet=&#8221;50px&#8221; header_font_size_phone=&#8221;40px&#8221; header_font_size_last_edited=&#8221;on|phone&#8221; header_line_height_tablet=&#8221;&#8221; header_line_height_phone=&#8221;&#8221; header_line_height_last_edited=&#8221;on|desktop&#8221; global_colors_info=&#8221;{}&#8221;]<\/p>\n<h1>Presidium<\/h1>\n<p>[\/et_pb_text][et_pb_dcsbcm_divi_breadcrumbs_module homebreadcrumbtext=&#8221;SH\u010cR&#8221; separator=&#8221;sep-mdash&#8221; _builder_version=&#8221;4.16&#8243; _module_preset=&#8221;default&#8221; global_colors_info=&#8221;{}&#8221;][\/et_pb_dcsbcm_divi_breadcrumbs_module][\/et_pb_column][\/et_pb_row][\/et_pb_section][et_pb_section fb_built=&#8221;1&#8243; admin_label=&#8221;About us&#8221; _builder_version=&#8221;4.16&#8243; background_enable_color=&#8221;off&#8221; custom_padding=&#8221;||||false|false&#8221; global_colors_info=&#8221;{}&#8221;][et_pb_row column_structure=&#8221;2_3,1_3&#8243; _builder_version=&#8221;4.16&#8243; _module_preset=&#8221;default&#8221; global_colors_info=&#8221;{}&#8221;][et_pb_column type=&#8221;2_3&#8243; _builder_version=&#8221;4.16&#8243; _module_preset=&#8221;default&#8221; global_colors_info=&#8221;{}&#8221;][et_pb_text _builder_version=&#8221;4.16&#8243; header_2_font=&#8221;Montserrat|800|||||||&#8221; max_width=&#8221;540px&#8221; max_width_tablet=&#8221;700px&#8221; max_width_phone=&#8221;700px&#8221; max_width_last_edited=&#8221;off|desktop&#8221; custom_margin=&#8221;||-2px|||&#8221; custom_margin_tablet=&#8221;|0px||&#8221; custom_margin_phone=&#8221;|0px||&#8221; custom_margin_last_edited=&#8221;off|desktop&#8221; border_width_top=&#8221;2px&#8221; locked=&#8221;off&#8221; global_colors_info=&#8221;{}&#8221;]<\/p>\n<h2><strong>Presidium SH\u010cR \u2013 Members<\/strong><\/h2>\n<p>[\/et_pb_text][et_pb_text _builder_version=&#8221;4.20.2&#8243; _module_preset=&#8221;default&#8221; link_font=&#8221;||||||||&#8221; link_text_color=&#8221;#5B5B55&#8243; hover_enabled=&#8221;0&#8243; global_colors_info=&#8221;{}&#8221; link_text_color__hover_enabled=&#8221;on|hover&#8221; link_text_color__hover=&#8221;#D9AF14&#8243; sticky_enabled=&#8221;0&#8243;]<\/p>\n<table class=\"responsive\" style=\"height: 408px;\">\n<tbody>\n<tr style=\"height: 24px;\">\n<th style=\"height: 24px; width: 238.016px;\">Name Position<\/th>\n<th style=\"height: 24px; width: 234.281px;\">Position<\/th>\n<\/tr>\n<tr style=\"height: 24px;\">\n<td style=\"height: 24px; width: 238.016px;\"><a href=\"http:\/\/tomasmikulsky.com\" target=\"_blank\" rel=\"noopener noreferrer\" title=\"Web Tom\u00e1\u0161 Mikulsk\u00fd\">Tom\u00e1\u0161 Mikulsk\u00fd<\/a><\/td>\n<td style=\"height: 24px; width: 234.281px;\">Chairman<\/td>\n<\/tr>\n<tr style=\"height: 24px;\">\n<td style=\"height: 24px; width: 238.016px;\"><span>JUDr. Vlastislav \u0160afr\u00e1nek<\/span><\/td>\n<td style=\"height: 24px; width: 234.281px;\"><span style=\"font-weight: 400;\">Deputy chairman<\/span><\/td>\n<\/tr>\n<tr style=\"height: 24px;\">\n<td style=\"height: 24px; width: 238.016px;\"><span>Bc. Jaroslav Bayer<\/span><\/td>\n<td style=\"height: 24px; width: 234.281px;\"><span>Deputy chairman<\/span><\/td>\n<\/tr>\n<tr style=\"height: 24px;\">\n<td style=\"height: 24px; width: 238.016px;\">MgA. Tom\u00e1\u0161 \u010cisteck\u00fd<\/td>\n<td style=\"height: 24px; width: 234.281px;\"><span>Deputy chairman<\/span><\/td>\n<\/tr>\n<tr style=\"height: 24px;\">\n<td style=\"height: 24px; width: 238.016px;\">Jan Kr\u00e1l, Dis. art.<\/td>\n<td style=\"height: 24px; width: 234.281px;\"><span style=\"font-weight: 400;\">Secretary<\/span><\/td>\n<\/tr>\n<tr style=\"height: 24px;\">\n<td style=\"height: 24px; width: 238.016px;\"><span>Felix Anton\u00edn Slov\u00e1\u010dek<\/span><\/td>\n<td style=\"height: 24px; width: 234.281px;\"><span style=\"font-weight: 400;\">Member<\/span><\/td>\n<\/tr>\n<tr style=\"height: 24px;\">\n<td style=\"height: 24px; width: 238.016px;\"><span>Jaroslav \u0160\u00edp<\/span><\/td>\n<td style=\"height: 24px; width: 234.281px;\"><span style=\"font-weight: 400;\">Member<\/span><\/td>\n<\/tr>\n<tr style=\"height: 24px;\">\n<td style=\"height: 24px; width: 238.016px;\"><span> Mgr. Pavel B\u011bl\u00edk<\/span><\/td>\n<td style=\"height: 24px; width: 234.281px;\"><span style=\"font-weight: 400;\">Member<\/span><\/td>\n<\/tr>\n<\/tbody>\n<\/table>\n<p>&nbsp;<\/p>\n<p>[\/et_pb_text][et_pb_text _builder_version=&#8221;4.16&#8243; header_2_font=&#8221;Montserrat|800|||||||&#8221; max_width=&#8221;618px&#8221; max_width_tablet=&#8221;700px&#8221; max_width_phone=&#8221;700px&#8221; max_width_last_edited=&#8221;off|desktop&#8221; custom_margin=&#8221;||-2px|||&#8221; custom_margin_tablet=&#8221;|0px||&#8221; custom_margin_phone=&#8221;|0px||&#8221; custom_margin_last_edited=&#8221;off|desktop&#8221; border_width_top=&#8221;2px&#8221; locked=&#8221;off&#8221; global_colors_info=&#8221;{}&#8221;]<\/p>\n<h2><strong>Central Audit and Review Commission<\/strong><\/h2>\n<p>[\/et_pb_text][et_pb_text _builder_version=&#8221;4.20.2&#8243; _module_preset=&#8221;default&#8221; link_font=&#8221;||||||||&#8221; link_text_color=&#8221;#5B5B55&#8243; hover_enabled=&#8221;0&#8243; global_colors_info=&#8221;{}&#8221; link_text_color__hover_enabled=&#8221;on|hover&#8221; link_text_color__hover=&#8221;#D9AF14&#8243; sticky_enabled=&#8221;0&#8243;]<\/p>\n<table class=\"responsive\">\n<tbody>\n<tr>\n<th style=\"width: 147.391px;\">Name Position<\/th>\n<th style=\"width: 234.281px;\">Position<\/th>\n<\/tr>\n<tr>\n<td style=\"width: 147.391px;\">Miroslav Sko\u010ddopole<\/td>\n<td style=\"width: 234.281px;\">Chairman of the audit committee<\/td>\n<\/tr>\n<tr>\n<td style=\"width: 147.391px;\"><span>Miroslav Hurt<\/span><\/td>\n<td style=\"width: 234.281px;\">Vice-Chairman<\/td>\n<\/tr>\n<tr>\n<td style=\"width: 147.391px;\"><span>Luk\u00e1\u0161 Z\u00e1hora <\/span><\/td>\n<td style=\"width: 234.281px;\">Member of the audit committee<\/td>\n<\/tr>\n<\/tbody>\n<\/table>\n<p>&nbsp;<\/p>\n<p>[\/et_pb_text][\/et_pb_column][et_pb_column type=&#8221;1_3&#8243; _builder_version=&#8221;4.16&#8243; _module_preset=&#8221;default&#8221; global_colors_info=&#8221;{}&#8221;][et_pb_text _builder_version=&#8221;4.16&#8243; header_2_font=&#8221;Montserrat|800|||||||&#8221; max_width=&#8221;540px&#8221; max_width_tablet=&#8221;700px&#8221; max_width_phone=&#8221;700px&#8221; max_width_last_edited=&#8221;off|desktop&#8221; custom_margin=&#8221;||-2px|||&#8221; custom_margin_tablet=&#8221;|0px||&#8221; custom_margin_phone=&#8221;|0px||&#8221; custom_margin_last_edited=&#8221;off|desktop&#8221; border_width_top=&#8221;2px&#8221; locked=&#8221;off&#8221; global_colors_info=&#8221;{}&#8221;]<\/p>\n<h2><strong>Contacts<\/strong><\/h2>\n<p>[\/et_pb_text][et_pb_text _builder_version=&#8221;4.20.2&#8243; _module_preset=&#8221;default&#8221; hover_enabled=&#8221;0&#8243; global_colors_info=&#8221;{}&#8221; sticky_enabled=&#8221;0&#8243;]<\/p>\n<h3><strong>address:<\/strong><\/h3>\n<p>Barto\u0161kova 1411\/20<br \/>140 00 Praha 4<br \/><a href=\"mailto:sekretariat@shcr.cz\" title=\"Email sekretari\u00e1t SH\u010cR\">sekretariat@shcr.cz<\/a><br \/><span style=\"font-weight: 400;\">Bank account<\/span>: KB 8736071\/0100<\/p>\n<p>I\u010c: 00444987<\/p>\n<h3><strong>secretary:<\/strong><\/h3>\n<p>Jan Kr\u00e1l, Dis. art.<br \/><a href=\"mailto:sekretariat@shcr.cz\" title=\"Email sekretari\u00e1t SH\u010cR\">sekretariat@shcr.cz<\/a><\/p>\n<h3><strong>chairman:<\/strong><\/h3>\n<p><a href=\"http:\/\/www.tomasmikulsky.com\/\" target=\"_blank\" rel=\"noopener\">Tom\u00e1\u0161 Mikulsk\u00fd<\/a><br \/><a href=\"mailto:info@shcr.cz\" title=\"Email Tom\u00e1\u0161 Mikulsk\u00fd\">info@shcr.cz<\/a><\/p>\n<p>[\/et_pb_text][et_pb_button button_url=&#8221;@ET-DC@eyJkeW5hbWljIjp0cnVlLCJjb250ZW50IjoicG9zdF9saW5rX3VybF9wYWdlIiwic2V0dGluZ3MiOnsicG9zdF9pZCI6IjI1OTQxIn19@&#8221; button_text=&#8221;Downloads&#8221; _builder_version=&#8221;4.16&#8243; _dynamic_attributes=&#8221;button_url&#8221; _module_preset=&#8221;f183ef8c-0649-4555-a96f-af469c50dbda&#8221; global_colors_info=&#8221;{}&#8221;][\/et_pb_button][\/et_pb_column][\/et_pb_row][\/et_pb_section]<\/p>\n","protected":false},"excerpt":{"rendered":"<p>PresidiumPresidium SH\u010cR \u2013 Members Name Position Position Tom\u00e1\u0161 Mikulsk\u00fd Chairman JUDr. Vlastislav \u0160afr\u00e1nek Deputy chairman Bc. Jaroslav Bayer Deputy chairman MgA. Tom\u00e1\u0161 \u010cisteck\u00fd Deputy chairman Jan Kr\u00e1l, Dis. art. Secretary Felix Anton\u00edn Slov\u00e1\u010dek Member Jaroslav \u0160\u00edp Member Mgr. Pavel B\u011bl\u00edk Member &nbsp;Central Audit and Review Commission Name Position Position Miroslav Sko\u010ddopole Chairman of the audit [&hellip;]<\/p>\n","protected":false},"author":1,"featured_media":0,"parent":0,"menu_order":0,"comment_status":"closed","ping_status":"closed","template":"","meta":{"_seopress_robots_primary_cat":"","_seopress_titles_title":"","_seopress_titles_desc":"","_seopress_robots_index":"","_seopress_analysis_target_kw":"","_et_pb_use_builder":"on","_et_pb_old_content":"<!-- wp:divi\/placeholder \/-->","_et_gb_content_width":"","footnotes":""},"class_list":["post-25966","page","type-page","status-publish","hentry"],"_links":{"self":[{"href":"https:\/\/shcr.cz\/en\/wp-json\/wp\/v2\/pages\/25966","targetHints":{"allow":["GET"]}}],"collection":[{"href":"https:\/\/shcr.cz\/en\/wp-json\/wp\/v2\/pages"}],"about":[{"href":"https:\/\/shcr.cz\/en\/wp-json\/wp\/v2\/types\/page"}],"author":[{"embeddable":true,"href":"https:\/\/shcr.cz\/en\/wp-json\/wp\/v2\/users\/1"}],"replies":[{"embeddable":true,"href":"https:\/\/shcr.cz\/en\/wp-json\/wp\/v2\/comments?post=25966"}],"version-history":[{"count":0,"href":"https:\/\/shcr.cz\/en\/wp-json\/wp\/v2\/pages\/25966\/revisions"}],"wp:attachment":[{"href":"https:\/\/shcr.cz\/en\/wp-json\/wp\/v2\/media?parent=25966"}],"curies":[{"name":"wp","href":"https:\/\/api.w.org\/{rel}","templated":true}]}}