{"id":25999,"date":"2020-11-12T13:58:23","date_gmt":"2020-11-12T12:58:23","guid":{"rendered":"https:\/\/shcr.cz\/akce\/"},"modified":"2026-01-14T07:41:00","modified_gmt":"2026-01-14T06:41:00","slug":"events","status":"publish","type":"page","link":"https:\/\/shcr.cz\/en\/events\/","title":{"rendered":"Events"},"content":{"rendered":"<p>[et_pb_section fb_built=&#8221;1&#8243; admin_label=&#8221;Hero&#8221; _builder_version=&#8221;4.16&#8243; background_color=&#8221;#d9af14&#8243; background_color_gradient_direction=&#8221;175deg&#8221; background_enable_image=&#8221;off&#8221; background_size=&#8221;contain&#8221; background_position=&#8221;center_right&#8221; background_blend=&#8221;soft-light&#8221; custom_padding=&#8221;||0px|||&#8221; background_last_edited=&#8221;off|desktop&#8221; background_enable_image_tablet=&#8221;off&#8221; global_colors_info=&#8221;{}&#8221; background__hover_enabled=&#8221;off|desktop&#8221;][et_pb_row column_structure=&#8221;2_3,1_3&#8243; _builder_version=&#8221;4.16&#8243; background_size=&#8221;initial&#8221; background_position=&#8221;top_left&#8221; background_repeat=&#8221;repeat&#8221; custom_padding=&#8221;27px|0px|27px|0px|false|false&#8221; global_colors_info=&#8221;{}&#8221;][et_pb_column type=&#8221;2_3&#8243; _builder_version=&#8221;4.16&#8243; custom_padding=&#8221;|||&#8221; global_colors_info=&#8221;{}&#8221; custom_padding__hover=&#8221;|||&#8221;][et_pb_text _builder_version=&#8221;4.16&#8243; text_font_size=&#8221;20px&#8221; text_line_height=&#8221;1.8em&#8221; header_font=&#8221;Open Sans|800|||||||&#8221; header_font_size=&#8221;60px&#8221; header_line_height=&#8221;1.3em&#8221; background_size=&#8221;initial&#8221; background_position=&#8221;top_left&#8221; background_repeat=&#8221;repeat&#8221; background_layout=&#8221;dark&#8221; max_width=&#8221;800px&#8221; custom_margin=&#8221;||13px|||&#8221; custom_margin_tablet=&#8221;|100px||&#8221; custom_margin_phone=&#8221;|30px||&#8221; custom_margin_last_edited=&#8221;off|desktop&#8221; header_font_size_tablet=&#8221;50px&#8221; header_font_size_phone=&#8221;40px&#8221; header_font_size_last_edited=&#8221;on|phone&#8221; header_line_height_tablet=&#8221;&#8221; header_line_height_phone=&#8221;&#8221; header_line_height_last_edited=&#8221;on|desktop&#8221; global_colors_info=&#8221;{}&#8221;]<\/p>\n<h1><b>Events<\/b><\/h1>\n<p>[\/et_pb_text][et_pb_dcsbcm_divi_breadcrumbs_module homebreadcrumbtext=&#8221;SH\u010cR&#8221; separator=&#8221;sep-mdash&#8221; _builder_version=&#8221;4.16&#8243; _module_preset=&#8221;default&#8221; fontsbreadcrumblinks_text_color=&#8221;#ffffff&#8221; global_colors_info=&#8221;{}&#8221;][\/et_pb_dcsbcm_divi_breadcrumbs_module][\/et_pb_column][et_pb_column type=&#8221;1_3&#8243; _builder_version=&#8221;4.16&#8243; custom_padding=&#8221;|||&#8221; global_colors_info=&#8221;{}&#8221; custom_padding__hover=&#8221;|||&#8221;][et_pb_image src=&#8221;https:\/\/shcr.cz\/wp-content\/uploads\/2020\/11\/shcr_logo_white-300&#215;215.png&#8221; title_text=&#8221;shcr_logo_white&#8221; _builder_version=&#8221;4.16&#8243; _module_preset=&#8221;default&#8221; max_width=&#8221;80%&#8221; global_colors_info=&#8221;{}&#8221;][\/et_pb_image][\/et_pb_column][\/et_pb_row][\/et_pb_section][et_pb_section fb_built=&#8221;1&#8243; admin_label=&#8221;Services&#8221; _builder_version=&#8221;4.20.2&#8243; _module_preset=&#8221;default&#8221; custom_padding=&#8221;||0px||false|false&#8221; global_colors_info=&#8221;{}&#8221;][et_pb_row _builder_version=&#8221;4.16&#8243; _module_preset=&#8221;default&#8221; global_colors_info=&#8221;{}&#8221;][et_pb_column type=&#8221;4_4&#8243; _builder_version=&#8221;4.16&#8243; _module_preset=&#8221;default&#8221; custom_padding=&#8221;|||&#8221; global_colors_info=&#8221;{}&#8221; custom_padding__hover=&#8221;|||&#8221;][et_pb_text _builder_version=&#8221;4.17.4&#8243; _module_preset=&#8221;3d5e4303-ed4f-4f6b-ba72-5c2037e7246c&#8221; max_width=&#8221;520px&#8221; max_width_tablet=&#8221;700px&#8221; max_width_phone=&#8221;700px&#8221; max_width_last_edited=&#8221;off|desktop&#8221; custom_margin_tablet=&#8221;|0px||&#8221; custom_margin_phone=&#8221;|0px||&#8221; custom_margin_last_edited=&#8221;off|desktop&#8221; border_width_top=&#8221;2px&#8221; locked=&#8221;off&#8221; global_colors_info=&#8221;{}&#8221;]<\/p>\n<h2>Current events<\/h2>\n<p>[\/et_pb_text][\/et_pb_column][\/et_pb_row][\/et_pb_section][et_pb_section fb_built=&#8221;1&#8243; _builder_version=&#8221;4.20.2&#8243; _module_preset=&#8221;default&#8221; global_module=&#8221;26801&#8243; global_colors_info=&#8221;{}&#8221;][et_pb_row column_structure=&#8221;1_3,1_3,1_3&#8243; _builder_version=&#8221;4.20.2&#8243; _module_preset=&#8221;default&#8221; global_colors_info=&#8221;{}&#8221;][et_pb_column type=&#8221;1_3&#8243; _builder_version=&#8221;4.20.2&#8243; _module_preset=&#8221;default&#8221; global_colors_info=&#8221;{}&#8221;][et_pb_blurb title=&#8221;XXXII. FEDO ANNUAL&#8221; url=&#8221;https:\/\/www.fedo.cz\/&#8221; url_new_window=&#8221;on&#8221; image=&#8221;https:\/\/shcr.cz\/wp-content\/uploads\/2026\/01\/Fedo_Logo2026.jpg&#8221; _builder_version=&#8221;4.27.5&#8243; _module_preset=&#8221;default&#8221; header_level=&#8221;h3&#8243; header_font=&#8221;|700|||||||&#8221; body_font_size=&#8221;16px&#8221; body_link_text_color=&#8221;#FFFFFF&#8221; background_color=&#8221;#D9AF14&#8243; background_layout=&#8221;dark&#8221; custom_padding=&#8221;38px|18px|38px|18px|true|true&#8221; link_option_url=&#8221;https:\/\/www.fedo.cz\/&#8221; link_option_url_new_window=&#8221;on&#8221; hover_enabled=&#8221;0&#8243; global_colors_info=&#8221;{}&#8221; background__hover_enabled=&#8221;on|hover&#8221; background_color__hover=&#8221;#9D9D9C&#8221; background_enable_color__hover=&#8221;on&#8221; title_text=&#8221;Fedo_Logo2026&#8243; sticky_enabled=&#8221;0&#8243;]Date: June 19\u201321, 2026<\/p>\n<p>The National Wind Orchestra Festival in \u0160t\u011bt\u00ed has been held since 1969. During the three days of the festival, \u0160t\u011bt\u00ed transforms from a town of paper into a town of music.[\/et_pb_blurb][\/et_pb_column][et_pb_column type=&#8221;1_3&#8243; _builder_version=&#8221;4.21.0&#8243; _module_preset=&#8221;default&#8221; global_colors_info=&#8221;{}&#8221;][et_pb_blurb title=&#8221;V. Gala Evening of the Czech Musicians&#8217; Union&#8221; url=&#8221;https:\/\/fb.me\/e\/5ySXLda8p&#8221; url_new_window=&#8221;on&#8221; image=&#8221;https:\/\/shcr.cz\/wp-content\/uploads\/2021\/04\/galavecer_uvodka-scaled.jpg&#8221; _builder_version=&#8221;4.27.5&#8243; _module_preset=&#8221;default&#8221; header_level=&#8221;h3&#8243; header_font=&#8221;|700|||||||&#8221; body_font_size=&#8221;16px&#8221; body_link_text_color=&#8221;#FFFFFF&#8221; background_color=&#8221;#D9AF14&#8243; background_layout=&#8221;dark&#8221; custom_padding=&#8221;38px|18px|38px|18px|true|true&#8221; link_option_url=&#8221;https:\/\/fb.me\/e\/5ySXLda8p&#8221; link_option_url_new_window=&#8221;on&#8221; hover_enabled=&#8221;0&#8243; global_colors_info=&#8221;{}&#8221; background__hover_enabled=&#8221;on|hover&#8221; background_color__hover=&#8221;#9D9D9C&#8221; background_enable_color__hover=&#8221;on&#8221; sticky_enabled=&#8221;0&#8243;]Date: November 6, 2026<\/p>\n<p>V. Gala Evening of the Czech Musicians&#8217; Union. Social gathering of representatives of orchestras, dance groups, partners&#8230; During the evening, the Czech Musicians&#8217; Union will present its Honorary Badges.<br \/>\nEvent for invited guests only.<br \/>\nDress code: business\/informal\/semi-formal.[\/et_pb_blurb][\/et_pb_column][et_pb_column type=&#8221;1_3&#8243; _builder_version=&#8221;4.20.2&#8243; _module_preset=&#8221;default&#8221; global_colors_info=&#8221;{}&#8221;][\/et_pb_column][\/et_pb_row][\/et_pb_section]<\/p>\n","protected":false},"excerpt":{"rendered":"<p>EventsCurrent eventsDate: June 19\u201321, 2026 The National Wind Orchestra Festival in \u0160t\u011bt\u00ed has been held since 1969. During the three days of the festival, \u0160t\u011bt\u00ed transforms from a town of paper into a town of music.Date: November 6, 2026 V. Gala Evening of the Czech Musicians&#8217; Union. Social gathering of representatives of orchestras, dance groups, [&hellip;]<\/p>\n","protected":false},"author":1,"featured_media":0,"parent":0,"menu_order":0,"comment_status":"closed","ping_status":"closed","template":"","meta":{"_seopress_robots_primary_cat":"","_seopress_titles_title":"","_seopress_titles_desc":"","_seopress_robots_index":"","_et_pb_use_builder":"on","_et_pb_old_content":"<!-- wp:divi\/placeholder \/-->","_et_gb_content_width":"","footnotes":""},"class_list":["post-25999","page","type-page","status-publish","hentry"],"_links":{"self":[{"href":"https:\/\/shcr.cz\/en\/wp-json\/wp\/v2\/pages\/25999","targetHints":{"allow":["GET"]}}],"collection":[{"href":"https:\/\/shcr.cz\/en\/wp-json\/wp\/v2\/pages"}],"about":[{"href":"https:\/\/shcr.cz\/en\/wp-json\/wp\/v2\/types\/page"}],"author":[{"embeddable":true,"href":"https:\/\/shcr.cz\/en\/wp-json\/wp\/v2\/users\/1"}],"replies":[{"embeddable":true,"href":"https:\/\/shcr.cz\/en\/wp-json\/wp\/v2\/comments?post=25999"}],"version-history":[{"count":0,"href":"https:\/\/shcr.cz\/en\/wp-json\/wp\/v2\/pages\/25999\/revisions"}],"wp:attachment":[{"href":"https:\/\/shcr.cz\/en\/wp-json\/wp\/v2\/media?parent=25999"}],"curies":[{"name":"wp","href":"https:\/\/api.w.org\/{rel}","templated":true}]}}