{"id":26039,"date":"2021-02-03T17:52:12","date_gmt":"2021-02-03T16:52:12","guid":{"rendered":"https:\/\/shcr.cz\/divisions\/brass-band-division\/divisions-leadership\/"},"modified":"2024-02-21T14:25:17","modified_gmt":"2024-02-21T13:25:17","slug":"divisions-leadership","status":"publish","type":"page","link":"https:\/\/shcr.cz\/en\/divisions\/brass-band-division\/divisions-leadership\/","title":{"rendered":"Division\u2019s leadership"},"content":{"rendered":"<p>[et_pb_section fb_built=&#8221;1&#8243; admin_label=&#8221;Hero&#8221; _builder_version=&#8221;4.16&#8243; background_enable_color=&#8221;off&#8221; use_background_color_gradient=&#8221;on&#8221; background_color_gradient_direction=&#8221;175deg&#8221; background_color_gradient_stops=&#8221;rgba(147,147,146,0.76) 1%|rgba(217,175,20,0.3) 100%&#8221; background_color_gradient_overlays_image=&#8221;on&#8221; background_color_gradient_start=&#8221;rgba(147,147,146,0.76)&#8221; background_color_gradient_start_position=&#8221;1%&#8221; background_color_gradient_end=&#8221;rgba(217,175,20,0.3)&#8221; background_image=&#8221;https:\/\/shcr.cz\/wp-content\/uploads\/2021\/03\/dechova_sekce.jpg&#8221; custom_padding=&#8221;|||&#8221; global_colors_info=&#8221;{}&#8221;][et_pb_row _builder_version=&#8221;4.16&#8243; background_size=&#8221;initial&#8221; background_position=&#8221;top_left&#8221; background_repeat=&#8221;repeat&#8221; custom_padding=&#8221;27px|0px|27px|0px|false|false&#8221; global_colors_info=&#8221;{}&#8221;][et_pb_column type=&#8221;4_4&#8243; _builder_version=&#8221;4.16&#8243; custom_padding=&#8221;|||&#8221; global_colors_info=&#8221;{}&#8221; custom_padding__hover=&#8221;|||&#8221;][et_pb_text _builder_version=&#8221;4.16&#8243; text_font_size=&#8221;20px&#8221; text_line_height=&#8221;1.8em&#8221; header_font=&#8221;Open Sans|800|||||||&#8221; header_font_size=&#8221;60px&#8221; header_line_height=&#8221;1.3em&#8221; background_size=&#8221;initial&#8221; background_position=&#8221;top_left&#8221; background_repeat=&#8221;repeat&#8221; background_layout=&#8221;dark&#8221; max_width=&#8221;800px&#8221; custom_margin=&#8221;||13px|||&#8221; custom_margin_tablet=&#8221;|100px||&#8221; custom_margin_phone=&#8221;|30px||&#8221; custom_margin_last_edited=&#8221;off|desktop&#8221; header_font_size_tablet=&#8221;50px&#8221; header_font_size_phone=&#8221;40px&#8221; header_font_size_last_edited=&#8221;on|phone&#8221; header_line_height_tablet=&#8221;&#8221; header_line_height_phone=&#8221;&#8221; header_line_height_last_edited=&#8221;on|desktop&#8221; global_colors_info=&#8221;{}&#8221;]<\/p>\n<h1>Brass Band \u2013 Division\u2019s leadership<\/h1>\n<p>Brass band division unites the brass bands to support their activities, formations of new bands, and their education.[\/et_pb_text][et_pb_dcsbcm_divi_breadcrumbs_module homebreadcrumbtext=&#8221;SH\u010cR&#8221; separator=&#8221;sep-mdash&#8221; _builder_version=&#8221;4.16&#8243; _module_preset=&#8221;default&#8221; body_text_color=&#8221;#FFFFFF&#8221; global_colors_info=&#8221;{}&#8221;][\/et_pb_dcsbcm_divi_breadcrumbs_module][\/et_pb_column][\/et_pb_row][\/et_pb_section][et_pb_section fb_built=&#8221;1&#8243; _builder_version=&#8221;4.16&#8243; _module_preset=&#8221;default&#8221; custom_padding=&#8221;2px||2px|||&#8221; global_colors_info=&#8221;{}&#8221;][et_pb_row column_structure=&#8221;1_3,2_3&#8243; _builder_version=&#8221;4.16&#8243; _module_preset=&#8221;default&#8221; global_colors_info=&#8221;{}&#8221;][et_pb_column type=&#8221;1_3&#8243; _builder_version=&#8221;4.16&#8243; _module_preset=&#8221;default&#8221; global_colors_info=&#8221;{}&#8221;][et_pb_image src=&#8221;https:\/\/shcr.cz\/wp-content\/uploads\/2020\/10\/logo_shcr-1024&#215;734.jpg&#8221; title_text=&#8221;logo_shcr&#8221; align=&#8221;center&#8221; _builder_version=&#8221;4.16&#8243; _module_preset=&#8221;default&#8221; max_width=&#8221;80%&#8221; custom_margin=&#8221;||14px|||&#8221; global_colors_info=&#8221;{}&#8221;][\/et_pb_image][et_pb_divider divider_weight=&#8221;2px&#8221; _builder_version=&#8221;4.16&#8243; _module_preset=&#8221;default&#8221; max_width=&#8221;80%&#8221; module_alignment=&#8221;center&#8221; custom_margin=&#8221;||0px|||&#8221; global_colors_info=&#8221;{}&#8221;][\/et_pb_divider][et_pb_sidebar area=&#8221;et_pb_widget_area_2&#8243; show_border=&#8221;off&#8221; _builder_version=&#8221;4.16&#8243; _module_preset=&#8221;default&#8221; header_font=&#8221;|700|||||||&#8221; header_font_size=&#8221;24px&#8221; background_color=&#8221;#d9af14&#8243; text_orientation=&#8221;right&#8221; background_layout=&#8221;dark&#8221; custom_margin=&#8221;||0px||false|false&#8221; custom_padding=&#8221;16px|12px|0px|12px|false|true&#8221; border_width_top=&#8221;2px&#8221; border_color_top=&#8221;#d9af14&#8243; global_colors_info=&#8221;{}&#8221; body_text_color__hover_enabled=&#8221;on|desktop&#8221;][\/et_pb_sidebar][\/et_pb_column][et_pb_column type=&#8221;2_3&#8243; _builder_version=&#8221;4.16&#8243; _module_preset=&#8221;default&#8221; global_colors_info=&#8221;{}&#8221;][et_pb_text _builder_version=&#8221;4.16&#8243; header_2_font=&#8221;||||||||&#8221; header_4_font=&#8221;Montserrat|700||on|||||&#8221; header_4_text_color=&#8221;#a2aab2&#8243; header_4_font_size=&#8221;15px&#8221; header_4_letter_spacing=&#8221;2px&#8221; header_4_line_height=&#8221;1.6em&#8221; max_width_tablet=&#8221;700px&#8221; max_width_phone=&#8221;700px&#8221; max_width_last_edited=&#8221;off|desktop&#8221; custom_margin_tablet=&#8221;|0px||&#8221; custom_margin_phone=&#8221;|0px||&#8221; custom_margin_last_edited=&#8221;off|desktop&#8221; header_2_font_size_last_edited=&#8221;off|desktop&#8221; locked=&#8221;off&#8221; global_colors_info=&#8221;{}&#8221;]<\/p>\n<h4>Brass Band Division<\/h4>\n<p>[\/et_pb_text][et_pb_text _builder_version=&#8221;4.16&#8243; header_2_font=&#8221;Montserrat|800|||||||&#8221; max_width=&#8221;540px&#8221; max_width_tablet=&#8221;700px&#8221; max_width_phone=&#8221;700px&#8221; max_width_last_edited=&#8221;off|desktop&#8221; custom_margin=&#8221;||-2px|||&#8221; custom_margin_tablet=&#8221;|0px||&#8221; custom_margin_phone=&#8221;|0px||&#8221; custom_margin_last_edited=&#8221;off|desktop&#8221; border_width_top=&#8221;2px&#8221; locked=&#8221;off&#8221; global_colors_info=&#8221;{}&#8221;]<\/p>\n<h2>Division\u2019s leadership<\/h2>\n<p>[\/et_pb_text][et_pb_text _builder_version=&#8221;4.24.2&#8243; _module_preset=&#8221;default&#8221; hover_enabled=&#8221;0&#8243; global_colors_info=&#8221;{}&#8221; sticky_enabled=&#8221;0&#8243;]<\/p>\n<table class=\"responsive\" style=\"height: 264px;\">\n<tbody>\n<tr style=\"height: 24px;\">\n<th style=\"height: 24px; width: 126.25px;\">Name<\/th>\n<th style=\"height: 24px; width: 145.266px;\">Position<\/th>\n<\/tr>\n<tr style=\"height: 24px;\">\n<td style=\"height: 24px; width: 126.25px;\"><span>Bc. Jaroslav Bayer<\/span><\/td>\n<td style=\"height: 24px; width: 145.266px;\">President of division<\/td>\n<\/tr>\n<tr>\n<td style=\"width: 126.25px;\"><span>Jaroslav \u0160\u00edp<\/span><\/td>\n<td style=\"width: 145.266px;\"><span>vicepresident<\/span><\/td>\n<\/tr>\n<tr style=\"height: 24px;\">\n<td style=\"height: 24px; width: 126.25px;\"><span>Pavel B\u011bl\u00edk<\/span><\/td>\n<td style=\"height: 24px; width: 145.266px;\">Secretary<\/td>\n<\/tr>\n<tr style=\"height: 24px;\">\n<td style=\"height: 24px; width: 126.25px;\"><span>V\u00e1clav Blahunek<\/span><\/td>\n<td style=\"height: 24px; width: 145.266px;\">Member<\/td>\n<\/tr>\n<tr style=\"height: 24px;\">\n<td style=\"height: 24px; width: 126.25px;\"><span>V\u00e1clav Hlav\u00e1\u010dek<\/span><\/td>\n<td style=\"height: 24px; width: 145.266px;\">Member<\/td>\n<\/tr>\n<tr style=\"height: 24px;\">\n<td style=\"height: 24px; width: 126.25px;\"><span>Jan Kr\u00e1l<\/span><\/td>\n<td style=\"height: 24px; width: 145.266px;\">Member<\/td>\n<\/tr>\n<tr style=\"height: 24px;\">\n<td style=\"height: 24px; width: 126.25px;\"><span>Jan Poho\u0159al\u00fd <\/span><\/td>\n<td style=\"height: 24px; width: 145.266px;\">Member<\/td>\n<\/tr>\n<tr style=\"height: 24px;\">\n<td style=\"height: 24px; width: 126.25px;\"><span>Franti\u0161ek Pavlu\u0161<\/span><\/td>\n<td style=\"height: 24px; width: 145.266px;\">Member<\/td>\n<\/tr>\n<tr style=\"height: 24px;\">\n<td style=\"height: 24px; width: 126.25px;\"><span>Svetoslav To\u010dev<\/span><\/td>\n<td style=\"height: 24px; width: 145.266px;\">Member<\/td>\n<\/tr>\n<tr>\n<td style=\"width: 126.25px;\"><span>Franti\u0161ek Tkadlec<\/span><span><br \/><\/span><\/td>\n<td style=\"width: 145.266px;\">Member<\/td>\n<\/tr>\n<\/tbody>\n<\/table>\n<p>[\/et_pb_text][\/et_pb_column][\/et_pb_row][\/et_pb_section]<\/p>\n","protected":false},"excerpt":{"rendered":"<p>Brass Band \u2013 Division\u2019s leadership Brass band division unites the brass bands to support their activities, formations of new bands, and their education.Brass Band DivisionDivision\u2019s leadership Name Position Bc. Jaroslav Bayer President of division Jaroslav \u0160\u00edp vicepresident Pavel B\u011bl\u00edk Secretary V\u00e1clav Blahunek Member V\u00e1clav Hlav\u00e1\u010dek Member Jan Kr\u00e1l Member Jan Poho\u0159al\u00fd Member Franti\u0161ek Pavlu\u0161 Member [&hellip;]<\/p>\n","protected":false},"author":1,"featured_media":0,"parent":26032,"menu_order":0,"comment_status":"closed","ping_status":"closed","template":"","meta":{"_seopress_robots_primary_cat":"","_seopress_titles_title":"","_seopress_titles_desc":"","_seopress_robots_index":"","_seopress_analysis_target_kw":"","_et_pb_use_builder":"on","_et_pb_old_content":"","_et_gb_content_width":"","footnotes":""},"class_list":["post-26039","page","type-page","status-publish","hentry"],"_links":{"self":[{"href":"https:\/\/shcr.cz\/en\/wp-json\/wp\/v2\/pages\/26039","targetHints":{"allow":["GET"]}}],"collection":[{"href":"https:\/\/shcr.cz\/en\/wp-json\/wp\/v2\/pages"}],"about":[{"href":"https:\/\/shcr.cz\/en\/wp-json\/wp\/v2\/types\/page"}],"author":[{"embeddable":true,"href":"https:\/\/shcr.cz\/en\/wp-json\/wp\/v2\/users\/1"}],"replies":[{"embeddable":true,"href":"https:\/\/shcr.cz\/en\/wp-json\/wp\/v2\/comments?post=26039"}],"version-history":[{"count":0,"href":"https:\/\/shcr.cz\/en\/wp-json\/wp\/v2\/pages\/26039\/revisions"}],"up":[{"embeddable":true,"href":"https:\/\/shcr.cz\/en\/wp-json\/wp\/v2\/pages\/26032"}],"wp:attachment":[{"href":"https:\/\/shcr.cz\/en\/wp-json\/wp\/v2\/media?parent=26039"}],"curies":[{"name":"wp","href":"https:\/\/api.w.org\/{rel}","templated":true}]}}