{"id":26474,"date":"2021-03-20T22:13:01","date_gmt":"2021-03-20T21:13:01","guid":{"rendered":"https:\/\/shcr.cz\/honorary-badge-of-sh-cr\/"},"modified":"2025-11-11T21:32:29","modified_gmt":"2025-11-11T20:32:29","slug":"honorary-badge-of-sh-cr","status":"publish","type":"page","link":"https:\/\/shcr.cz\/en\/honorary-badge-of-sh-cr\/","title":{"rendered":"Honorary badge of SH \u010cR"},"content":{"rendered":"<p>[et_pb_section fb_built=&#8221;1&#8243; admin_label=&#8221;Hero&#8221; _builder_version=&#8221;4.16&#8243; background_color=&#8221;#d9af14&#8243; background_color_gradient_direction=&#8221;175deg&#8221; background_enable_image=&#8221;off&#8221; background_size=&#8221;contain&#8221; background_position=&#8221;center_right&#8221; background_blend=&#8221;soft-light&#8221; custom_padding=&#8221;||0px|||&#8221; background_last_edited=&#8221;on|tablet&#8221; background_enable_image_tablet=&#8221;off&#8221; global_colors_info=&#8221;{}&#8221;][et_pb_row column_structure=&#8221;2_3,1_3&#8243; _builder_version=&#8221;4.16&#8243; background_size=&#8221;initial&#8221; background_position=&#8221;top_left&#8221; background_repeat=&#8221;repeat&#8221; custom_padding=&#8221;27px|0px|27px|0px|false|false&#8221; global_colors_info=&#8221;{}&#8221;][et_pb_column type=&#8221;2_3&#8243; _builder_version=&#8221;4.16&#8243; custom_padding=&#8221;|||&#8221; global_colors_info=&#8221;{}&#8221; custom_padding__hover=&#8221;|||&#8221;][et_pb_text _builder_version=&#8221;4.16&#8243; text_font_size=&#8221;20px&#8221; text_line_height=&#8221;1.8em&#8221; header_font=&#8221;Open Sans|800|||||||&#8221; header_font_size=&#8221;60px&#8221; header_line_height=&#8221;1.3em&#8221; background_size=&#8221;initial&#8221; background_position=&#8221;top_left&#8221; background_repeat=&#8221;repeat&#8221; background_layout=&#8221;dark&#8221; max_width=&#8221;800px&#8221; custom_margin=&#8221;||13px|||&#8221; custom_margin_tablet=&#8221;|100px||&#8221; custom_margin_phone=&#8221;|30px||&#8221; custom_margin_last_edited=&#8221;off|desktop&#8221; header_font_size_tablet=&#8221;50px&#8221; header_font_size_phone=&#8221;40px&#8221; header_font_size_last_edited=&#8221;on|phone&#8221; header_line_height_tablet=&#8221;&#8221; header_line_height_phone=&#8221;&#8221; header_line_height_last_edited=&#8221;on|desktop&#8221; global_colors_info=&#8221;{}&#8221;]<\/p>\n<h1>Honorary badge of SH \u010cR<\/h1>\n<p>[\/et_pb_text][et_pb_dcsbcm_divi_breadcrumbs_module homebreadcrumbtext=&#8221;SH\u010cR&#8221; separator=&#8221;sep-mdash&#8221; _builder_version=&#8221;4.16&#8243; _module_preset=&#8221;default&#8221; fontsbreadcrumblinks_text_color=&#8221;#ffffff&#8221; global_colors_info=&#8221;{}&#8221;][\/et_pb_dcsbcm_divi_breadcrumbs_module][\/et_pb_column][et_pb_column type=&#8221;1_3&#8243; _builder_version=&#8221;4.16&#8243; custom_padding=&#8221;|||&#8221; global_colors_info=&#8221;{}&#8221; custom_padding__hover=&#8221;|||&#8221;][et_pb_image src=&#8221;https:\/\/shcr.cz\/wp-content\/uploads\/2020\/11\/shcr_logo_white-300&#215;215.png&#8221; title_text=&#8221;shcr_logo_white&#8221; _builder_version=&#8221;4.16&#8243; _module_preset=&#8221;default&#8221; max_width=&#8221;80%&#8221; global_colors_info=&#8221;{}&#8221;][\/et_pb_image][\/et_pb_column][\/et_pb_row][\/et_pb_section][et_pb_section fb_built=&#8221;1&#8243; _builder_version=&#8221;4.16&#8243; _module_preset=&#8221;default&#8221; custom_padding=&#8221;2px||2px|||&#8221; global_colors_info=&#8221;{}&#8221;][et_pb_row _builder_version=&#8221;4.16&#8243; _module_preset=&#8221;default&#8221; custom_padding=&#8221;||0px|||&#8221; global_colors_info=&#8221;{}&#8221;][et_pb_column type=&#8221;4_4&#8243; _builder_version=&#8221;4.16&#8243; _module_preset=&#8221;default&#8221; global_colors_info=&#8221;{}&#8221;][et_pb_text _builder_version=&#8221;4.16&#8243; header_2_font=&#8221;Montserrat|800|||||||&#8221; max_width=&#8221;540px&#8221; max_width_tablet=&#8221;700px&#8221; max_width_phone=&#8221;700px&#8221; max_width_last_edited=&#8221;off|desktop&#8221; custom_margin=&#8221;||-2px|||&#8221; custom_margin_tablet=&#8221;|0px||&#8221; custom_margin_phone=&#8221;|0px||&#8221; custom_margin_last_edited=&#8221;off|desktop&#8221; border_width_top=&#8221;2px&#8221; locked=&#8221;off&#8221; global_colors_info=&#8221;{}&#8221;]<\/p>\n<h2 class=\"p1\"><strong>Information<\/strong><\/h2>\n<p>[\/et_pb_text][\/et_pb_column][\/et_pb_row][et_pb_row _builder_version=&#8221;4.16&#8243; _module_preset=&#8221;default&#8221; custom_padding=&#8221;2px|||||&#8221; global_colors_info=&#8221;{}&#8221;][et_pb_column type=&#8221;4_4&#8243; _builder_version=&#8221;4.16&#8243; _module_preset=&#8221;default&#8221; global_colors_info=&#8221;{}&#8221;][et_pb_text _builder_version=&#8221;4.16&#8243; _module_preset=&#8221;default&#8221; global_colors_info=&#8221;{}&#8221;]<\/p>\n<p>The honorary badge of the Association of Musicians of the Czech Republic is awarded by the Presidium of the SH CR on the proposal of the members.<\/p>\n<p>[\/et_pb_text][et_pb_text _builder_version=&#8221;4.27.4&#8243; _module_preset=&#8221;default&#8221; hover_enabled=&#8221;0&#8243; global_colors_info=&#8221;{}&#8221; sticky_enabled=&#8221;0&#8243;]<\/p>\n<h2>2025<\/h2>\n<p>Prague, November 7, 2025<\/p>\n<p><strong>Josef Vejvoda<br \/><\/strong>for his lifelong contribution to popular music<\/p>\n<p><strong>Anton\u00edn Kon\u00ed\u010dek<br \/><\/strong>for promoting brass band and folk music<\/p>\n<p><strong>Franti\u0161ek Fejgl<br \/><\/strong>for his lifelong artistic and pedagogical work.<\/p>\n<p><strong>Svetoslav To\u010dev<br \/><\/strong>for his artistic contribution and promotion of multi-genre music<\/p>\n<p><b>Pavel B\u011bl\u00edk<br \/><\/b>for his artistic contribution and promotion of multi-genre music<\/p>\n<h2>\u2013\u2013\u2013\u2013<\/h2>\n<h2>2024<\/h2>\n<p>Prague, 8 November 2024<\/p>\n<p><strong>V\u00e1clav Hlav\u00e1\u010dek<\/strong><br \/>for his contribution in the field of wind music<\/p>\n<p><strong>Tom\u00e1\u0161 \u010cisteck\u00fd<\/strong><br \/>for his long-term work for the Union of Musicians of the Czech Republic<\/p>\n<p><strong>V\u00e1clav Blahunek<\/strong><br \/>for popularization of wind music<\/p>\n<h2>\u2013\u2013\u2013<\/h2>\n<h2>2023<\/h2>\n<p>Prague, November 10, 2023<\/p>\n<p><span><strong>Mojm\u00edr B\u00e1rtek<br \/><\/strong><\/span>for his lifelong popularization of jazz and pedagogical activities<\/p>\n<p><strong>Anton\u00edn Felix Slov\u00e1\u010dek<br \/><\/strong><span>for his lifelong contribution to the field of popular music<\/span><\/p>\n<p><span><strong>Petr St\u0159\u00ed\u0161ka<\/strong><br \/>for his lifetime contribution to the field of brass music<\/span><\/p>\n<p><span><strong>Jaroslav Bayer<\/strong><br \/>for his long-term work for the Association of Musicians of the Czech Republic<\/span><\/p>\n<p><strong>Franti\u0161ek Tkadlec<br \/><\/strong><span>for his contribution in the field of brass music<\/span><\/p>\n<p><span><strong>Jaroslav \u0160\u00edp<\/strong><br \/>for the popularization of brass music<\/span><\/p>\n<h2>\u2013\u2013\u2013<br \/>2021<\/h2>\n<p>Prague, 1 October 2021<\/p>\n<p><span><strong>V\u00e1clav Hyb\u0161<\/strong><br \/>for his lifetime contribution to the field of brass band and popular music<\/span><\/p>\n<p><span><strong>Jan Slab\u00e1k<\/strong><br \/>for his lifetime contribution in the field of wind music<\/span><\/p>\n<p><span><strong>Rudolf Mihulka<\/strong><br \/>for his lifelong popularization of jazz and pedagogical activities<\/span><\/p>\n<p><strong>Jarmila Pavl\u00ed\u010dkov\u00e1<br \/><\/strong><span>for a lifetime of work in the field of dance and movement education<\/span><\/p>\n<p><span><strong>Vlastislav \u0160afr\u00e1nek<\/strong><br \/>for outstanding long-term work for the Union of Musicians of the Czech Republic<\/span><\/p>\n<p>&nbsp;<\/p>\n<p>[\/et_pb_text][\/et_pb_column][\/et_pb_row][\/et_pb_section]<\/p>\n","protected":false},"excerpt":{"rendered":"<p>Honorary badge of SH \u010cRInformationThe honorary badge of the Association of Musicians of the Czech Republic is awarded by the Presidium of the SH CR on the proposal of the members.2025 Prague, November 7, 2025 Josef Vejvodafor his lifelong contribution to popular music Anton\u00edn Kon\u00ed\u010dekfor promoting brass band and folk music Franti\u0161ek Fejglfor his lifelong [&hellip;]<\/p>\n","protected":false},"author":1,"featured_media":0,"parent":0,"menu_order":0,"comment_status":"closed","ping_status":"closed","template":"","meta":{"_seopress_robots_primary_cat":"","_seopress_titles_title":"","_seopress_titles_desc":"","_seopress_robots_index":"","_seopress_analysis_target_kw":"","_et_pb_use_builder":"on","_et_pb_old_content":"","_et_gb_content_width":"","footnotes":""},"class_list":["post-26474","page","type-page","status-publish","hentry"],"_links":{"self":[{"href":"https:\/\/shcr.cz\/en\/wp-json\/wp\/v2\/pages\/26474","targetHints":{"allow":["GET"]}}],"collection":[{"href":"https:\/\/shcr.cz\/en\/wp-json\/wp\/v2\/pages"}],"about":[{"href":"https:\/\/shcr.cz\/en\/wp-json\/wp\/v2\/types\/page"}],"author":[{"embeddable":true,"href":"https:\/\/shcr.cz\/en\/wp-json\/wp\/v2\/users\/1"}],"replies":[{"embeddable":true,"href":"https:\/\/shcr.cz\/en\/wp-json\/wp\/v2\/comments?post=26474"}],"version-history":[{"count":0,"href":"https:\/\/shcr.cz\/en\/wp-json\/wp\/v2\/pages\/26474\/revisions"}],"wp:attachment":[{"href":"https:\/\/shcr.cz\/en\/wp-json\/wp\/v2\/media?parent=26474"}],"curies":[{"name":"wp","href":"https:\/\/api.w.org\/{rel}","templated":true}]}}